{"id":1579,"date":"2021-12-06T09:58:59","date_gmt":"2021-12-06T08:58:59","guid":{"rendered":"https:\/\/apartments-ante.com\/excursions\/"},"modified":"2021-12-15T13:21:09","modified_gmt":"2021-12-15T12:21:09","slug":"wycieczki","status":"publish","type":"page","link":"https:\/\/apartments-ante.com\/pl\/wycieczki\/","title":{"rendered":"Wycieczki"},"content":{"rendered":"\n<p>WYSPY &#8211; \u0141odzie odp\u0142ywaj\u0105 codziennie z portu miejskiego. Rozleg\u0142y widok na ma\u0142e wyspy, w towarzystwie przyjemnych nut dalmaty\u0144skich pie\u015bni, grillowanych ryb i domowej roboty winoro\u015bli, przypomina pasa\u017cerom pradawn\u0105 pirack\u0105 tradycj\u0119. W wybranym miejscu masz czas na zwiedzanie, pla\u017cowanie i p\u0142ywanie.<\/p>\n\n\n\n<hr class=\"wp-block-separator has-text-color has-background has-vivid-cyan-blue-background-color has-vivid-cyan-blue-color\"\/>\n\n\n\n<figure class=\"wp-block-gallery columns-4 is-cropped wp-block-gallery-1 is-layout-flex wp-block-gallery-is-layout-flex\"><ul class=\"blocks-gallery-grid\"><li class=\"blocks-gallery-item\"><figure><a href=\"https:\/\/apartments-ante.com\/wp-content\/uploads\/2021\/12\/excursions00001.jpg\"><img loading=\"lazy\" decoding=\"async\" width=\"1024\" height=\"683\" src=\"https:\/\/apartments-ante.com\/wp-content\/uploads\/2021\/12\/excursions00001.jpg\" alt=\"\" data-id=\"1244\" data-full-url=\"https:\/\/apartments-ante.com\/wp-content\/uploads\/2021\/12\/excursions00001.jpg\" data-link=\"https:\/\/apartments-ante.com\/excursions\/excursions00001\/\" class=\"wp-image-1249\" srcset=\"https:\/\/apartments-ante.com\/wp-content\/uploads\/2021\/12\/excursions00001.jpg 1024w, https:\/\/apartments-ante.com\/wp-content\/uploads\/2021\/12\/excursions00001-300x200.jpg 300w, https:\/\/apartments-ante.com\/wp-content\/uploads\/2021\/12\/excursions00001-768x512.jpg 768w\" sizes=\"auto, (max-width: 1024px) 100vw, 1024px\" \/><\/a><\/figure><\/li><li class=\"blocks-gallery-item\"><figure><a href=\"https:\/\/apartments-ante.com\/wp-content\/uploads\/2021\/12\/excursions00002.jpg\"><img loading=\"lazy\" decoding=\"async\" width=\"1022\" height=\"768\" src=\"https:\/\/apartments-ante.com\/wp-content\/uploads\/2021\/12\/excursions00002.jpg\" alt=\"\" data-id=\"1250\" data-full-url=\"https:\/\/apartments-ante.com\/wp-content\/uploads\/2021\/12\/excursions00002.jpg\" data-link=\"https:\/\/apartments-ante.com\/excursions\/excursions00002\/\" class=\"wp-image-1255\" srcset=\"https:\/\/apartments-ante.com\/wp-content\/uploads\/2021\/12\/excursions00002.jpg 1022w, https:\/\/apartments-ante.com\/wp-content\/uploads\/2021\/12\/excursions00002-300x224.jpg 300w, https:\/\/apartments-ante.com\/wp-content\/uploads\/2021\/12\/excursions00002-768x577.jpg 768w\" sizes=\"auto, (max-width: 1022px) 100vw, 1022px\" \/><\/a><\/figure><\/li><li class=\"blocks-gallery-item\"><figure><a href=\"https:\/\/apartments-ante.com\/wp-content\/uploads\/2021\/12\/excursions00003.jpg\"><img loading=\"lazy\" decoding=\"async\" width=\"1024\" height=\"768\" src=\"https:\/\/apartments-ante.com\/wp-content\/uploads\/2021\/12\/excursions00003.jpg\" alt=\"\" data-id=\"1256\" data-full-url=\"https:\/\/apartments-ante.com\/wp-content\/uploads\/2021\/12\/excursions00003.jpg\" data-link=\"https:\/\/apartments-ante.com\/excursions\/excursions00003\/\" class=\"wp-image-1261\" srcset=\"https:\/\/apartments-ante.com\/wp-content\/uploads\/2021\/12\/excursions00003.jpg 1024w, https:\/\/apartments-ante.com\/wp-content\/uploads\/2021\/12\/excursions00003-300x224.jpg 300w, https:\/\/apartments-ante.com\/wp-content\/uploads\/2021\/12\/excursions00003-768x576.jpg 768w\" sizes=\"auto, (max-width: 1024px) 100vw, 1024px\" \/><\/a><\/figure><\/li><li class=\"blocks-gallery-item\"><figure><a href=\"https:\/\/apartments-ante.com\/wp-content\/uploads\/2021\/12\/excursions00004.jpg\"><img loading=\"lazy\" decoding=\"async\" width=\"1024\" height=\"682\" src=\"https:\/\/apartments-ante.com\/wp-content\/uploads\/2021\/12\/excursions00004.jpg\" alt=\"\" data-id=\"1262\" data-full-url=\"https:\/\/apartments-ante.com\/wp-content\/uploads\/2021\/12\/excursions00004.jpg\" data-link=\"https:\/\/apartments-ante.com\/excursions\/excursions00004\/\" class=\"wp-image-1267\" srcset=\"https:\/\/apartments-ante.com\/wp-content\/uploads\/2021\/12\/excursions00004.jpg 1024w, https:\/\/apartments-ante.com\/wp-content\/uploads\/2021\/12\/excursions00004-300x200.jpg 300w, https:\/\/apartments-ante.com\/wp-content\/uploads\/2021\/12\/excursions00004-768x512.jpg 768w\" sizes=\"auto, (max-width: 1024px) 100vw, 1024px\" \/><\/a><\/figure><\/li><\/ul><\/figure>\n\n\n\n<hr class=\"wp-block-separator has-text-color has-background has-vivid-cyan-blue-background-color has-vivid-cyan-blue-color\"\/>\n\n\n\n<p>RAFTING I CANYONING NA RZECE CETINA &#8211; Ta wycieczka obejmuje codzienne sp\u0142ywy rzek\u0105 Cetina na tratwach ze Slime do o\u015brodka wycieczkowego Radmanove mlinice. Zej\u015bcie w d\u00f3\u0142 rzeki trwa oko\u0142o 3 do 4 godzin na d\u0142ugo\u015bci oko\u0142o 10 km. To najlepszy spos\u00f3b na poznanie kanonu rzeki Cetina, otaczaj\u0105cych j\u0105 wodospad\u00f3w i bogatej ro\u015blinno\u015bci. Wszyscy lubi\u0105cy przygod\u0119 i nietkni\u0119t\u0105 przyrod\u0119 b\u0119d\u0105 si\u0119 tym cieszy\u0107. Nasi do\u015bwiadczeni liderzy s\u0105 z Tob\u0105 ca\u0142y czas.<\/p>\n\n\n\n<p>PRZEJAZD RZEK\u0104 CETINA\u00a0\u00a0&#8211; Ta wycieczka obejmuje jazd\u0119 ma\u0142ymi \u0142odziami przez kanion rzeki Cetina, od jej uj\u015bcia do o\u015brodka wycieczkowego Radmanove mlinice. W samym o\u015brodku mo\u017cna cieszy\u0107 si\u0119 dobrym jedzeniem, nietkni\u0119t\u0105 przyrod\u0105 otaczaj\u0105c\u0105 rzek\u0119 Cetina, spacerowa\u0107 lub p\u0142ywa\u0107 w krystalicznie czystej rzece. Nast\u0119pnie nast\u0119puje powr\u00f3t do miasta Omi\u0161. Wspania\u0142y kanon rzeki Cetiny zapewnia ka\u017cdemu odwiedzaj\u0105cemu niezapomnian\u0105 atmosfer\u0119. Wycieczka trwa p\u00f3\u0142 dnia.<\/p>\n\n\n\n<hr class=\"wp-block-separator has-text-color has-background has-vivid-cyan-blue-background-color has-vivid-cyan-blue-color\"\/>\n\n\n\n<figure class=\"wp-block-gallery columns-4 is-cropped wp-block-gallery-2 is-layout-flex wp-block-gallery-is-layout-flex\"><ul class=\"blocks-gallery-grid\"><li class=\"blocks-gallery-item\"><figure><a href=\"https:\/\/apartments-ante.com\/wp-content\/uploads\/2021\/12\/excursions00005.jpg\"><img loading=\"lazy\" decoding=\"async\" width=\"1024\" height=\"768\" src=\"https:\/\/apartments-ante.com\/wp-content\/uploads\/2021\/12\/excursions00005.jpg\" alt=\"\" data-id=\"1268\" data-full-url=\"https:\/\/apartments-ante.com\/wp-content\/uploads\/2021\/12\/excursions00005.jpg\" data-link=\"https:\/\/apartments-ante.com\/excursions\/excursions00005\/\" class=\"wp-image-1273\" srcset=\"https:\/\/apartments-ante.com\/wp-content\/uploads\/2021\/12\/excursions00005.jpg 1024w, https:\/\/apartments-ante.com\/wp-content\/uploads\/2021\/12\/excursions00005-300x224.jpg 300w, https:\/\/apartments-ante.com\/wp-content\/uploads\/2021\/12\/excursions00005-768x576.jpg 768w\" sizes=\"auto, (max-width: 1024px) 100vw, 1024px\" \/><\/a><\/figure><\/li><li class=\"blocks-gallery-item\"><figure><a href=\"https:\/\/apartments-ante.com\/wp-content\/uploads\/2021\/12\/excursions00006.jpg\"><img loading=\"lazy\" decoding=\"async\" width=\"1024\" height=\"768\" src=\"https:\/\/apartments-ante.com\/wp-content\/uploads\/2021\/12\/excursions00006.jpg\" alt=\"\" data-id=\"1274\" data-full-url=\"https:\/\/apartments-ante.com\/wp-content\/uploads\/2021\/12\/excursions00006.jpg\" data-link=\"https:\/\/apartments-ante.com\/excursions\/olympus-digital-camera\/\" class=\"wp-image-1279\" srcset=\"https:\/\/apartments-ante.com\/wp-content\/uploads\/2021\/12\/excursions00006.jpg 1024w, https:\/\/apartments-ante.com\/wp-content\/uploads\/2021\/12\/excursions00006-300x224.jpg 300w, https:\/\/apartments-ante.com\/wp-content\/uploads\/2021\/12\/excursions00006-768x576.jpg 768w\" sizes=\"auto, (max-width: 1024px) 100vw, 1024px\" \/><\/a><\/figure><\/li><li class=\"blocks-gallery-item\"><figure><a href=\"https:\/\/apartments-ante.com\/wp-content\/uploads\/2021\/12\/excursions00007.jpg\"><img loading=\"lazy\" decoding=\"async\" width=\"1024\" height=\"681\" src=\"https:\/\/apartments-ante.com\/wp-content\/uploads\/2021\/12\/excursions00007.jpg\" alt=\"\" data-id=\"1280\" data-full-url=\"https:\/\/apartments-ante.com\/wp-content\/uploads\/2021\/12\/excursions00007.jpg\" data-link=\"https:\/\/apartments-ante.com\/excursions\/excursions00007\/\" class=\"wp-image-1285\" srcset=\"https:\/\/apartments-ante.com\/wp-content\/uploads\/2021\/12\/excursions00007.jpg 1024w, https:\/\/apartments-ante.com\/wp-content\/uploads\/2021\/12\/excursions00007-300x200.jpg 300w, https:\/\/apartments-ante.com\/wp-content\/uploads\/2021\/12\/excursions00007-768x511.jpg 768w\" sizes=\"auto, (max-width: 1024px) 100vw, 1024px\" \/><\/a><\/figure><\/li><li class=\"blocks-gallery-item\"><figure><a href=\"https:\/\/apartments-ante.com\/wp-content\/uploads\/2021\/12\/excursions00008.jpg\"><img loading=\"lazy\" decoding=\"async\" width=\"1024\" height=\"768\" src=\"https:\/\/apartments-ante.com\/wp-content\/uploads\/2021\/12\/excursions00008.jpg\" alt=\"\" data-id=\"1286\" data-full-url=\"https:\/\/apartments-ante.com\/wp-content\/uploads\/2021\/12\/excursions00008.jpg\" data-link=\"https:\/\/apartments-ante.com\/excursions\/excursions00008\/\" class=\"wp-image-1291\" srcset=\"https:\/\/apartments-ante.com\/wp-content\/uploads\/2021\/12\/excursions00008.jpg 1024w, https:\/\/apartments-ante.com\/wp-content\/uploads\/2021\/12\/excursions00008-300x224.jpg 300w, https:\/\/apartments-ante.com\/wp-content\/uploads\/2021\/12\/excursions00008-768x576.jpg 768w\" sizes=\"auto, (max-width: 1024px) 100vw, 1024px\" \/><\/a><\/figure><\/li><li class=\"blocks-gallery-item\"><figure><a href=\"https:\/\/apartments-ante.com\/wp-content\/uploads\/2021\/12\/excursions00009.jpg\"><img loading=\"lazy\" decoding=\"async\" width=\"768\" height=\"768\" src=\"https:\/\/apartments-ante.com\/wp-content\/uploads\/2021\/12\/excursions00009.jpg\" alt=\"\" data-id=\"1292\" data-full-url=\"https:\/\/apartments-ante.com\/wp-content\/uploads\/2021\/12\/excursions00009.jpg\" data-link=\"https:\/\/apartments-ante.com\/excursions\/excursions00009\/\" class=\"wp-image-1297\" srcset=\"https:\/\/apartments-ante.com\/wp-content\/uploads\/2021\/12\/excursions00009.jpg 768w, https:\/\/apartments-ante.com\/wp-content\/uploads\/2021\/12\/excursions00009-300x300.jpg 300w, https:\/\/apartments-ante.com\/wp-content\/uploads\/2021\/12\/excursions00009-150x150.jpg 150w\" sizes=\"auto, (max-width: 768px) 100vw, 768px\" \/><\/a><\/figure><\/li><li class=\"blocks-gallery-item\"><figure><a href=\"https:\/\/apartments-ante.com\/wp-content\/uploads\/2021\/12\/excursions00010.jpg\"><img loading=\"lazy\" decoding=\"async\" width=\"1024\" height=\"682\" src=\"https:\/\/apartments-ante.com\/wp-content\/uploads\/2021\/12\/excursions00010.jpg\" alt=\"\" data-id=\"1298\" data-full-url=\"https:\/\/apartments-ante.com\/wp-content\/uploads\/2021\/12\/excursions00010.jpg\" data-link=\"https:\/\/apartments-ante.com\/excursions\/excursions00010\/\" class=\"wp-image-1303\" srcset=\"https:\/\/apartments-ante.com\/wp-content\/uploads\/2021\/12\/excursions00010.jpg 1024w, https:\/\/apartments-ante.com\/wp-content\/uploads\/2021\/12\/excursions00010-300x200.jpg 300w, https:\/\/apartments-ante.com\/wp-content\/uploads\/2021\/12\/excursions00010-768x512.jpg 768w\" sizes=\"auto, (max-width: 1024px) 100vw, 1024px\" \/><\/a><\/figure><\/li><li class=\"blocks-gallery-item\"><figure><a href=\"https:\/\/apartments-ante.com\/wp-content\/uploads\/2021\/12\/excursions00011.jpg\"><img loading=\"lazy\" decoding=\"async\" width=\"1024\" height=\"768\" src=\"https:\/\/apartments-ante.com\/wp-content\/uploads\/2021\/12\/excursions00011.jpg\" alt=\"\" data-id=\"1304\" data-full-url=\"https:\/\/apartments-ante.com\/wp-content\/uploads\/2021\/12\/excursions00011.jpg\" data-link=\"https:\/\/apartments-ante.com\/excursions\/excursions00011\/\" class=\"wp-image-1309\" srcset=\"https:\/\/apartments-ante.com\/wp-content\/uploads\/2021\/12\/excursions00011.jpg 1024w, https:\/\/apartments-ante.com\/wp-content\/uploads\/2021\/12\/excursions00011-300x224.jpg 300w, https:\/\/apartments-ante.com\/wp-content\/uploads\/2021\/12\/excursions00011-768x576.jpg 768w\" sizes=\"auto, (max-width: 1024px) 100vw, 1024px\" \/><\/a><\/figure><\/li><li class=\"blocks-gallery-item\"><figure><a href=\"https:\/\/apartments-ante.com\/wp-content\/uploads\/2021\/12\/excursions00012.jpg\"><img loading=\"lazy\" decoding=\"async\" width=\"1024\" height=\"680\" src=\"https:\/\/apartments-ante.com\/wp-content\/uploads\/2021\/12\/excursions00012.jpg\" alt=\"\" data-id=\"1310\" data-full-url=\"https:\/\/apartments-ante.com\/wp-content\/uploads\/2021\/12\/excursions00012.jpg\" data-link=\"https:\/\/apartments-ante.com\/excursions\/excursions00012\/\" class=\"wp-image-1315\" srcset=\"https:\/\/apartments-ante.com\/wp-content\/uploads\/2021\/12\/excursions00012.jpg 1024w, https:\/\/apartments-ante.com\/wp-content\/uploads\/2021\/12\/excursions00012-300x199.jpg 300w, https:\/\/apartments-ante.com\/wp-content\/uploads\/2021\/12\/excursions00012-768x510.jpg 768w\" sizes=\"auto, (max-width: 1024px) 100vw, 1024px\" \/><\/a><\/figure><\/li><li class=\"blocks-gallery-item\"><figure><a href=\"https:\/\/apartments-ante.com\/wp-content\/uploads\/2021\/12\/excursions00013.jpg\"><img loading=\"lazy\" decoding=\"async\" width=\"1024\" height=\"768\" src=\"https:\/\/apartments-ante.com\/wp-content\/uploads\/2021\/12\/excursions00013.jpg\" alt=\"\" data-id=\"1316\" data-full-url=\"https:\/\/apartments-ante.com\/wp-content\/uploads\/2021\/12\/excursions00013.jpg\" data-link=\"https:\/\/apartments-ante.com\/excursions\/excursions00013\/\" class=\"wp-image-1321\" srcset=\"https:\/\/apartments-ante.com\/wp-content\/uploads\/2021\/12\/excursions00013.jpg 1024w, https:\/\/apartments-ante.com\/wp-content\/uploads\/2021\/12\/excursions00013-300x224.jpg 300w, https:\/\/apartments-ante.com\/wp-content\/uploads\/2021\/12\/excursions00013-768x576.jpg 768w\" sizes=\"auto, (max-width: 1024px) 100vw, 1024px\" \/><\/a><\/figure><\/li><li class=\"blocks-gallery-item\"><figure><a href=\"https:\/\/apartments-ante.com\/wp-content\/uploads\/2021\/12\/excursions00014.jpg\"><img loading=\"lazy\" decoding=\"async\" width=\"1024\" height=\"766\" src=\"https:\/\/apartments-ante.com\/wp-content\/uploads\/2021\/12\/excursions00014.jpg\" alt=\"\" data-id=\"1322\" data-full-url=\"https:\/\/apartments-ante.com\/wp-content\/uploads\/2021\/12\/excursions00014.jpg\" data-link=\"https:\/\/apartments-ante.com\/excursions\/excursions00014\/\" class=\"wp-image-1327\" srcset=\"https:\/\/apartments-ante.com\/wp-content\/uploads\/2021\/12\/excursions00014.jpg 1024w, https:\/\/apartments-ante.com\/wp-content\/uploads\/2021\/12\/excursions00014-300x224.jpg 300w, https:\/\/apartments-ante.com\/wp-content\/uploads\/2021\/12\/excursions00014-768x575.jpg 768w\" sizes=\"auto, (max-width: 1024px) 100vw, 1024px\" \/><\/a><\/figure><\/li><li class=\"blocks-gallery-item\"><figure><a href=\"https:\/\/apartments-ante.com\/wp-content\/uploads\/2021\/12\/excursions00015.jpg\"><img loading=\"lazy\" decoding=\"async\" width=\"1024\" height=\"768\" src=\"https:\/\/apartments-ante.com\/wp-content\/uploads\/2021\/12\/excursions00015.jpg\" alt=\"\" data-id=\"1328\" data-full-url=\"https:\/\/apartments-ante.com\/wp-content\/uploads\/2021\/12\/excursions00015.jpg\" data-link=\"https:\/\/apartments-ante.com\/excursions\/olympus-digital-camera-2\/\" class=\"wp-image-1333\" srcset=\"https:\/\/apartments-ante.com\/wp-content\/uploads\/2021\/12\/excursions00015.jpg 1024w, https:\/\/apartments-ante.com\/wp-content\/uploads\/2021\/12\/excursions00015-300x224.jpg 300w, https:\/\/apartments-ante.com\/wp-content\/uploads\/2021\/12\/excursions00015-768x576.jpg 768w\" sizes=\"auto, (max-width: 1024px) 100vw, 1024px\" \/><\/a><\/figure><\/li><li class=\"blocks-gallery-item\"><figure><a href=\"https:\/\/apartments-ante.com\/wp-content\/uploads\/2021\/12\/excursions00016.jpg\"><img loading=\"lazy\" decoding=\"async\" width=\"1024\" height=\"684\" src=\"https:\/\/apartments-ante.com\/wp-content\/uploads\/2021\/12\/excursions00016.jpg\" alt=\"\" data-id=\"1334\" data-full-url=\"https:\/\/apartments-ante.com\/wp-content\/uploads\/2021\/12\/excursions00016.jpg\" data-link=\"https:\/\/apartments-ante.com\/excursions\/excursions00016\/\" class=\"wp-image-1339\" srcset=\"https:\/\/apartments-ante.com\/wp-content\/uploads\/2021\/12\/excursions00016.jpg 1024w, https:\/\/apartments-ante.com\/wp-content\/uploads\/2021\/12\/excursions00016-300x200.jpg 300w, https:\/\/apartments-ante.com\/wp-content\/uploads\/2021\/12\/excursions00016-768x513.jpg 768w\" sizes=\"auto, (max-width: 1024px) 100vw, 1024px\" \/><\/a><\/figure><\/li><li class=\"blocks-gallery-item\"><figure><a href=\"https:\/\/apartments-ante.com\/wp-content\/uploads\/2021\/12\/excursions00017.jpg\"><img loading=\"lazy\" decoding=\"async\" width=\"1024\" height=\"685\" src=\"https:\/\/apartments-ante.com\/wp-content\/uploads\/2021\/12\/excursions00017.jpg\" alt=\"\" data-id=\"1340\" data-full-url=\"https:\/\/apartments-ante.com\/wp-content\/uploads\/2021\/12\/excursions00017.jpg\" data-link=\"https:\/\/apartments-ante.com\/excursions\/excursions00017\/\" class=\"wp-image-1345\" srcset=\"https:\/\/apartments-ante.com\/wp-content\/uploads\/2021\/12\/excursions00017.jpg 1024w, https:\/\/apartments-ante.com\/wp-content\/uploads\/2021\/12\/excursions00017-300x201.jpg 300w, https:\/\/apartments-ante.com\/wp-content\/uploads\/2021\/12\/excursions00017-768x514.jpg 768w\" sizes=\"auto, (max-width: 1024px) 100vw, 1024px\" \/><\/a><\/figure><\/li><li class=\"blocks-gallery-item\"><figure><a href=\"https:\/\/apartments-ante.com\/wp-content\/uploads\/2021\/12\/excursions00018.jpg\"><img loading=\"lazy\" decoding=\"async\" width=\"1024\" height=\"768\" src=\"https:\/\/apartments-ante.com\/wp-content\/uploads\/2021\/12\/excursions00018.jpg\" alt=\"\" data-id=\"1346\" data-full-url=\"https:\/\/apartments-ante.com\/wp-content\/uploads\/2021\/12\/excursions00018.jpg\" data-link=\"https:\/\/apartments-ante.com\/excursions\/excursions00018\/\" class=\"wp-image-1351\" srcset=\"https:\/\/apartments-ante.com\/wp-content\/uploads\/2021\/12\/excursions00018.jpg 1024w, https:\/\/apartments-ante.com\/wp-content\/uploads\/2021\/12\/excursions00018-300x224.jpg 300w, https:\/\/apartments-ante.com\/wp-content\/uploads\/2021\/12\/excursions00018-768x576.jpg 768w\" sizes=\"auto, (max-width: 1024px) 100vw, 1024px\" \/><\/a><\/figure><\/li><li class=\"blocks-gallery-item\"><figure><a href=\"https:\/\/apartments-ante.com\/wp-content\/uploads\/2021\/12\/excursions00019.jpg\"><img loading=\"lazy\" decoding=\"async\" width=\"1024\" height=\"728\" src=\"https:\/\/apartments-ante.com\/wp-content\/uploads\/2021\/12\/excursions00019.jpg\" alt=\"\" data-id=\"1352\" data-full-url=\"https:\/\/apartments-ante.com\/wp-content\/uploads\/2021\/12\/excursions00019.jpg\" data-link=\"https:\/\/apartments-ante.com\/excursions\/excursions00019\/\" class=\"wp-image-1357\" srcset=\"https:\/\/apartments-ante.com\/wp-content\/uploads\/2021\/12\/excursions00019.jpg 1024w, https:\/\/apartments-ante.com\/wp-content\/uploads\/2021\/12\/excursions00019-300x214.jpg 300w, https:\/\/apartments-ante.com\/wp-content\/uploads\/2021\/12\/excursions00019-768x546.jpg 768w\" sizes=\"auto, (max-width: 1024px) 100vw, 1024px\" \/><\/a><\/figure><\/li><li class=\"blocks-gallery-item\"><figure><a href=\"https:\/\/apartments-ante.com\/wp-content\/uploads\/2021\/12\/excursions00020.jpg\"><img loading=\"lazy\" decoding=\"async\" width=\"1024\" height=\"768\" src=\"https:\/\/apartments-ante.com\/wp-content\/uploads\/2021\/12\/excursions00020.jpg\" alt=\"\" data-id=\"1358\" data-full-url=\"https:\/\/apartments-ante.com\/wp-content\/uploads\/2021\/12\/excursions00020.jpg\" data-link=\"https:\/\/apartments-ante.com\/excursions\/excursions00020\/\" class=\"wp-image-1363\" srcset=\"https:\/\/apartments-ante.com\/wp-content\/uploads\/2021\/12\/excursions00020.jpg 1024w, https:\/\/apartments-ante.com\/wp-content\/uploads\/2021\/12\/excursions00020-300x224.jpg 300w, https:\/\/apartments-ante.com\/wp-content\/uploads\/2021\/12\/excursions00020-768x576.jpg 768w\" sizes=\"auto, (max-width: 1024px) 100vw, 1024px\" \/><\/a><\/figure><\/li><li class=\"blocks-gallery-item\"><figure><a href=\"https:\/\/apartments-ante.com\/wp-content\/uploads\/2021\/12\/excursions00021.jpg\"><img loading=\"lazy\" decoding=\"async\" width=\"1024\" height=\"768\" src=\"https:\/\/apartments-ante.com\/wp-content\/uploads\/2021\/12\/excursions00021.jpg\" alt=\"\" data-id=\"1364\" data-full-url=\"https:\/\/apartments-ante.com\/wp-content\/uploads\/2021\/12\/excursions00021.jpg\" data-link=\"https:\/\/apartments-ante.com\/excursions\/excursions00021\/\" class=\"wp-image-1369\" srcset=\"https:\/\/apartments-ante.com\/wp-content\/uploads\/2021\/12\/excursions00021.jpg 1024w, https:\/\/apartments-ante.com\/wp-content\/uploads\/2021\/12\/excursions00021-300x224.jpg 300w, https:\/\/apartments-ante.com\/wp-content\/uploads\/2021\/12\/excursions00021-768x576.jpg 768w\" sizes=\"auto, (max-width: 1024px) 100vw, 1024px\" \/><\/a><\/figure><\/li><li class=\"blocks-gallery-item\"><figure><a href=\"https:\/\/apartments-ante.com\/wp-content\/uploads\/2021\/12\/excursions00022.jpg\"><img loading=\"lazy\" decoding=\"async\" width=\"1024\" height=\"768\" src=\"https:\/\/apartments-ante.com\/wp-content\/uploads\/2021\/12\/excursions00022.jpg\" alt=\"\" data-id=\"1370\" data-full-url=\"https:\/\/apartments-ante.com\/wp-content\/uploads\/2021\/12\/excursions00022.jpg\" data-link=\"https:\/\/apartments-ante.com\/excursions\/digital-camera\/\" class=\"wp-image-1375\" srcset=\"https:\/\/apartments-ante.com\/wp-content\/uploads\/2021\/12\/excursions00022.jpg 1024w, https:\/\/apartments-ante.com\/wp-content\/uploads\/2021\/12\/excursions00022-300x224.jpg 300w, https:\/\/apartments-ante.com\/wp-content\/uploads\/2021\/12\/excursions00022-768x576.jpg 768w\" sizes=\"auto, (max-width: 1024px) 100vw, 1024px\" \/><\/a><\/figure><\/li><li class=\"blocks-gallery-item\"><figure><a href=\"https:\/\/apartments-ante.com\/wp-content\/uploads\/2021\/12\/excursions00023.jpg\"><img loading=\"lazy\" decoding=\"async\" width=\"1024\" height=\"768\" src=\"https:\/\/apartments-ante.com\/wp-content\/uploads\/2021\/12\/excursions00023.jpg\" alt=\"\" data-id=\"1376\" data-full-url=\"https:\/\/apartments-ante.com\/wp-content\/uploads\/2021\/12\/excursions00023.jpg\" data-link=\"https:\/\/apartments-ante.com\/excursions\/excursions00023\/\" class=\"wp-image-1381\" srcset=\"https:\/\/apartments-ante.com\/wp-content\/uploads\/2021\/12\/excursions00023.jpg 1024w, https:\/\/apartments-ante.com\/wp-content\/uploads\/2021\/12\/excursions00023-300x224.jpg 300w, https:\/\/apartments-ante.com\/wp-content\/uploads\/2021\/12\/excursions00023-768x576.jpg 768w\" sizes=\"auto, (max-width: 1024px) 100vw, 1024px\" \/><\/a><\/figure><\/li><li class=\"blocks-gallery-item\"><figure><a href=\"https:\/\/apartments-ante.com\/wp-content\/uploads\/2021\/12\/excursions00024.jpg\"><img loading=\"lazy\" decoding=\"async\" width=\"1024\" height=\"681\" src=\"https:\/\/apartments-ante.com\/wp-content\/uploads\/2021\/12\/excursions00024.jpg\" alt=\"\" data-id=\"1382\" data-full-url=\"https:\/\/apartments-ante.com\/wp-content\/uploads\/2021\/12\/excursions00024.jpg\" data-link=\"https:\/\/apartments-ante.com\/excursions\/excursions00024\/\" class=\"wp-image-1387\" srcset=\"https:\/\/apartments-ante.com\/wp-content\/uploads\/2021\/12\/excursions00024.jpg 1024w, https:\/\/apartments-ante.com\/wp-content\/uploads\/2021\/12\/excursions00024-300x200.jpg 300w, https:\/\/apartments-ante.com\/wp-content\/uploads\/2021\/12\/excursions00024-768x511.jpg 768w\" sizes=\"auto, (max-width: 1024px) 100vw, 1024px\" \/><\/a><\/figure><\/li><\/ul><\/figure>\n\n\n\n<hr class=\"wp-block-separator has-text-color has-background has-vivid-cyan-blue-background-color has-vivid-cyan-blue-color\"\/>\n","protected":false},"excerpt":{"rendered":"<p>WYSPY &#8211; \u0141odzie odp\u0142ywaj\u0105 codziennie z portu miejskiego. Rozleg\u0142y widok na ma\u0142e wyspy, w towarzystwie przyjemnych nut dalmaty\u0144skich pie\u015bni, grillowanych ryb i domowej roboty winoro\u015bli, przypomina pasa\u017cerom pradawn\u0105 pirack\u0105 tradycj\u0119. W wybranym miejscu masz czas na zwiedzanie, pla\u017cowanie i p\u0142ywanie. RAFTING I CANYONING NA RZECE CETINA &#8211; Ta wycieczka obejmuje codzienne sp\u0142ywy rzek\u0105 Cetina na <\/p>\n","protected":false},"author":1,"featured_media":0,"parent":0,"menu_order":0,"comment_status":"closed","ping_status":"closed","template":"","meta":{"_acf_changed":false,"footnotes":""},"categories":[],"tags":[],"page_categories":[],"class_list":["post-1579","page","type-page","status-publish","hentry"],"acf":[],"_links":{"self":[{"href":"https:\/\/apartments-ante.com\/pl\/wp-json\/wp\/v2\/pages\/1579","targetHints":{"allow":["GET"]}}],"collection":[{"href":"https:\/\/apartments-ante.com\/pl\/wp-json\/wp\/v2\/pages"}],"about":[{"href":"https:\/\/apartments-ante.com\/pl\/wp-json\/wp\/v2\/types\/page"}],"author":[{"embeddable":true,"href":"https:\/\/apartments-ante.com\/pl\/wp-json\/wp\/v2\/users\/1"}],"replies":[{"embeddable":true,"href":"https:\/\/apartments-ante.com\/pl\/wp-json\/wp\/v2\/comments?post=1579"}],"version-history":[{"count":1,"href":"https:\/\/apartments-ante.com\/pl\/wp-json\/wp\/v2\/pages\/1579\/revisions"}],"predecessor-version":[{"id":1609,"href":"https:\/\/apartments-ante.com\/pl\/wp-json\/wp\/v2\/pages\/1579\/revisions\/1609"}],"wp:attachment":[{"href":"https:\/\/apartments-ante.com\/pl\/wp-json\/wp\/v2\/media?parent=1579"}],"wp:term":[{"taxonomy":"category","embeddable":true,"href":"https:\/\/apartments-ante.com\/pl\/wp-json\/wp\/v2\/categories?post=1579"},{"taxonomy":"post_tag","embeddable":true,"href":"https:\/\/apartments-ante.com\/pl\/wp-json\/wp\/v2\/tags?post=1579"},{"taxonomy":"page_categories","embeddable":true,"href":"https:\/\/apartments-ante.com\/pl\/wp-json\/wp\/v2\/page_categories?post=1579"}],"curies":[{"name":"wp","href":"https:\/\/api.w.org\/{rel}","templated":true}]}}