{"id":1559,"date":"2021-12-06T09:58:27","date_gmt":"2021-12-06T08:58:27","guid":{"rendered":"https:\/\/apartments-ante.com\/about-omis\/"},"modified":"2021-12-15T13:19:03","modified_gmt":"2021-12-15T12:19:03","slug":"o-omis","status":"publish","type":"page","link":"https:\/\/apartments-ante.com\/pl\/o-omis\/","title":{"rendered":"O Omi\u0161"},"content":{"rendered":"\n<p>Ma\u0142e dalmaty\u0144skie miasteczko u uj\u015bcia rzeki Cetina! Unikalne po\u0142\u0105czenie rzeki Cetina, morza i g\u00f3r jest oddalone od Splitu o zaledwie 25 km.<\/p>\n\n\n\n<p>Je\u015bli jeste\u015b jednym z tych, kt\u00f3rzy chc\u0105 aktywnego wypoczynku we w\u0142a\u015bciwym miejscu, Omis oferuje niezliczone zaj\u0119cia na morzu, wodzie, w g\u00f3rach lub w powietrzu. Dla tych, kt\u00f3rzy chc\u0105 zobaczy\u0107 zabytki kultury i historii, mamy doskona\u0142y wyb\u00f3r i mo\u017cesz by\u0107 pewien, \u017ce Tw\u00f3j dzie\u0144 b\u0119dzie wype\u0142niony. A je\u015bli chcesz dobrze zje\u015b\u0107 i wypi\u0107, Omis oferuje r\u00f3wnie\u017c bogat\u0105 ofert\u0119 gastronomiczn\u0105.<br><br>Zapraszamy!<\/p>\n\n\n\n<hr class=\"wp-block-separator has-text-color has-background has-vivid-cyan-blue-background-color has-vivid-cyan-blue-color\"\/>\n\n\n\n<figure class=\"wp-block-gallery columns-3 is-cropped wp-block-gallery-1 is-layout-flex wp-block-gallery-is-layout-flex\"><ul class=\"blocks-gallery-grid\"><li class=\"blocks-gallery-item\"><figure><a href=\"https:\/\/apartments-ante.com\/wp-content\/uploads\/2021\/12\/excursions00024.jpg\"><img loading=\"lazy\" decoding=\"async\" width=\"1024\" height=\"681\" src=\"https:\/\/apartments-ante.com\/wp-content\/uploads\/2021\/12\/excursions00024.jpg\" alt=\"\" data-id=\"1382\" data-full-url=\"https:\/\/apartments-ante.com\/wp-content\/uploads\/2021\/12\/excursions00024.jpg\" data-link=\"https:\/\/apartments-ante.com\/excursions\/excursions00024\/\" class=\"wp-image-1387\" srcset=\"https:\/\/apartments-ante.com\/wp-content\/uploads\/2021\/12\/excursions00024.jpg 1024w, https:\/\/apartments-ante.com\/wp-content\/uploads\/2021\/12\/excursions00024-300x200.jpg 300w, https:\/\/apartments-ante.com\/wp-content\/uploads\/2021\/12\/excursions00024-768x511.jpg 768w\" sizes=\"auto, (max-width: 1024px) 100vw, 1024px\" \/><\/a><\/figure><\/li><li class=\"blocks-gallery-item\"><figure><a href=\"https:\/\/apartments-ante.com\/wp-content\/uploads\/2021\/12\/excursions00022.jpg\"><img loading=\"lazy\" decoding=\"async\" width=\"1024\" height=\"768\" src=\"https:\/\/apartments-ante.com\/wp-content\/uploads\/2021\/12\/excursions00022.jpg\" alt=\"\" data-id=\"1370\" data-full-url=\"https:\/\/apartments-ante.com\/wp-content\/uploads\/2021\/12\/excursions00022.jpg\" data-link=\"https:\/\/apartments-ante.com\/excursions\/digital-camera\/\" class=\"wp-image-1375\" srcset=\"https:\/\/apartments-ante.com\/wp-content\/uploads\/2021\/12\/excursions00022.jpg 1024w, https:\/\/apartments-ante.com\/wp-content\/uploads\/2021\/12\/excursions00022-300x224.jpg 300w, https:\/\/apartments-ante.com\/wp-content\/uploads\/2021\/12\/excursions00022-768x576.jpg 768w\" sizes=\"auto, (max-width: 1024px) 100vw, 1024px\" \/><\/a><\/figure><\/li><li class=\"blocks-gallery-item\"><figure><a href=\"https:\/\/apartments-ante.com\/wp-content\/uploads\/2021\/12\/excursions00017.jpg\"><img loading=\"lazy\" decoding=\"async\" width=\"1024\" height=\"685\" src=\"https:\/\/apartments-ante.com\/wp-content\/uploads\/2021\/12\/excursions00017.jpg\" alt=\"\" data-id=\"1340\" data-full-url=\"https:\/\/apartments-ante.com\/wp-content\/uploads\/2021\/12\/excursions00017.jpg\" data-link=\"https:\/\/apartments-ante.com\/excursions\/excursions00017\/\" class=\"wp-image-1345\" srcset=\"https:\/\/apartments-ante.com\/wp-content\/uploads\/2021\/12\/excursions00017.jpg 1024w, https:\/\/apartments-ante.com\/wp-content\/uploads\/2021\/12\/excursions00017-300x201.jpg 300w, https:\/\/apartments-ante.com\/wp-content\/uploads\/2021\/12\/excursions00017-768x514.jpg 768w\" sizes=\"auto, (max-width: 1024px) 100vw, 1024px\" \/><\/a><\/figure><\/li><li class=\"blocks-gallery-item\"><figure><a href=\"https:\/\/apartments-ante.com\/wp-content\/uploads\/2021\/12\/excursions00018.jpg\"><img loading=\"lazy\" decoding=\"async\" width=\"1024\" height=\"768\" src=\"https:\/\/apartments-ante.com\/wp-content\/uploads\/2021\/12\/excursions00018.jpg\" alt=\"\" data-id=\"1346\" data-full-url=\"https:\/\/apartments-ante.com\/wp-content\/uploads\/2021\/12\/excursions00018.jpg\" data-link=\"https:\/\/apartments-ante.com\/excursions\/excursions00018\/\" class=\"wp-image-1351\" srcset=\"https:\/\/apartments-ante.com\/wp-content\/uploads\/2021\/12\/excursions00018.jpg 1024w, https:\/\/apartments-ante.com\/wp-content\/uploads\/2021\/12\/excursions00018-300x224.jpg 300w, https:\/\/apartments-ante.com\/wp-content\/uploads\/2021\/12\/excursions00018-768x576.jpg 768w\" sizes=\"auto, (max-width: 1024px) 100vw, 1024px\" \/><\/a><\/figure><\/li><li class=\"blocks-gallery-item\"><figure><a href=\"https:\/\/apartments-ante.com\/wp-content\/uploads\/2021\/12\/excursions00004.jpg\"><img loading=\"lazy\" decoding=\"async\" width=\"1024\" height=\"682\" src=\"https:\/\/apartments-ante.com\/wp-content\/uploads\/2021\/12\/excursions00004.jpg\" alt=\"\" data-id=\"1262\" data-full-url=\"https:\/\/apartments-ante.com\/wp-content\/uploads\/2021\/12\/excursions00004.jpg\" data-link=\"https:\/\/apartments-ante.com\/excursions\/excursions00004\/\" class=\"wp-image-1267\" srcset=\"https:\/\/apartments-ante.com\/wp-content\/uploads\/2021\/12\/excursions00004.jpg 1024w, https:\/\/apartments-ante.com\/wp-content\/uploads\/2021\/12\/excursions00004-300x200.jpg 300w, https:\/\/apartments-ante.com\/wp-content\/uploads\/2021\/12\/excursions00004-768x512.jpg 768w\" sizes=\"auto, (max-width: 1024px) 100vw, 1024px\" \/><\/a><\/figure><\/li><li class=\"blocks-gallery-item\"><figure><a href=\"https:\/\/apartments-ante.com\/wp-content\/uploads\/2021\/12\/excursions00006.jpg\"><img loading=\"lazy\" decoding=\"async\" width=\"1024\" height=\"768\" src=\"https:\/\/apartments-ante.com\/wp-content\/uploads\/2021\/12\/excursions00006.jpg\" alt=\"\" data-id=\"1274\" data-full-url=\"https:\/\/apartments-ante.com\/wp-content\/uploads\/2021\/12\/excursions00006.jpg\" data-link=\"https:\/\/apartments-ante.com\/excursions\/olympus-digital-camera\/\" class=\"wp-image-1279\" srcset=\"https:\/\/apartments-ante.com\/wp-content\/uploads\/2021\/12\/excursions00006.jpg 1024w, https:\/\/apartments-ante.com\/wp-content\/uploads\/2021\/12\/excursions00006-300x224.jpg 300w, https:\/\/apartments-ante.com\/wp-content\/uploads\/2021\/12\/excursions00006-768x576.jpg 768w\" sizes=\"auto, (max-width: 1024px) 100vw, 1024px\" \/><\/a><\/figure><\/li><li class=\"blocks-gallery-item\"><figure><a href=\"https:\/\/apartments-ante.com\/wp-content\/uploads\/2021\/12\/excursions00005.jpg\"><img loading=\"lazy\" decoding=\"async\" width=\"1024\" height=\"768\" src=\"https:\/\/apartments-ante.com\/wp-content\/uploads\/2021\/12\/excursions00005.jpg\" alt=\"\" data-id=\"1268\" data-full-url=\"https:\/\/apartments-ante.com\/wp-content\/uploads\/2021\/12\/excursions00005.jpg\" data-link=\"https:\/\/apartments-ante.com\/excursions\/excursions00005\/\" class=\"wp-image-1273\" srcset=\"https:\/\/apartments-ante.com\/wp-content\/uploads\/2021\/12\/excursions00005.jpg 1024w, https:\/\/apartments-ante.com\/wp-content\/uploads\/2021\/12\/excursions00005-300x224.jpg 300w, https:\/\/apartments-ante.com\/wp-content\/uploads\/2021\/12\/excursions00005-768x576.jpg 768w\" sizes=\"auto, (max-width: 1024px) 100vw, 1024px\" \/><\/a><\/figure><\/li><li class=\"blocks-gallery-item\"><figure><a href=\"https:\/\/apartments-ante.com\/wp-content\/uploads\/2021\/12\/app-ante-head.jpg\"><img loading=\"lazy\" decoding=\"async\" width=\"700\" height=\"500\" src=\"https:\/\/apartments-ante.com\/wp-content\/uploads\/2021\/12\/app-ante-head.jpg\" alt=\"\" data-id=\"41\" data-full-url=\"https:\/\/apartments-ante.com\/wp-content\/uploads\/2021\/12\/app-ante-head.jpg\" data-link=\"https:\/\/apartments-ante.com\/welcome\/app-ante-head\/\" class=\"wp-image-46\" srcset=\"https:\/\/apartments-ante.com\/wp-content\/uploads\/2021\/12\/app-ante-head.jpg 700w, https:\/\/apartments-ante.com\/wp-content\/uploads\/2021\/12\/app-ante-head-300x214.jpg 300w\" sizes=\"auto, (max-width: 700px) 100vw, 700px\" \/><\/a><\/figure><\/li><li class=\"blocks-gallery-item\"><figure><a href=\"https:\/\/apartments-ante.com\/wp-content\/uploads\/2021\/12\/about-omis.jpg\"><img loading=\"lazy\" decoding=\"async\" width=\"1024\" height=\"305\" src=\"https:\/\/apartments-ante.com\/wp-content\/uploads\/2021\/12\/about-omis-1024x305.jpg\" alt=\"\" data-id=\"155\" data-full-url=\"https:\/\/apartments-ante.com\/wp-content\/uploads\/2021\/12\/about-omis.jpg\" data-link=\"https:\/\/apartments-ante.com\/a-few-words-about-omis\/about-omis\/\" class=\"wp-image-160\" srcset=\"https:\/\/apartments-ante.com\/wp-content\/uploads\/2021\/12\/about-omis-1024x305.jpg 1024w, https:\/\/apartments-ante.com\/wp-content\/uploads\/2021\/12\/about-omis-300x89.jpg 300w, https:\/\/apartments-ante.com\/wp-content\/uploads\/2021\/12\/about-omis-768x229.jpg 768w, https:\/\/apartments-ante.com\/wp-content\/uploads\/2021\/12\/about-omis-1536x457.jpg 1536w, https:\/\/apartments-ante.com\/wp-content\/uploads\/2021\/12\/about-omis.jpg 1680w\" sizes=\"auto, (max-width: 1024px) 100vw, 1024px\" \/><\/a><\/figure><\/li><li class=\"blocks-gallery-item\"><figure><a href=\"https:\/\/apartments-ante.com\/wp-content\/uploads\/2021\/12\/mountains-1699616-Katarzyna-Tyl-from-Pixabay.jpg\"><img loading=\"lazy\" decoding=\"async\" width=\"1024\" height=\"290\" src=\"https:\/\/apartments-ante.com\/wp-content\/uploads\/2021\/12\/mountains-1699616-Katarzyna-Tyl-from-Pixabay-1024x290.jpg\" alt=\"\" data-id=\"199\" data-full-url=\"https:\/\/apartments-ante.com\/wp-content\/uploads\/2021\/12\/mountains-1699616-Katarzyna-Tyl-from-Pixabay.jpg\" data-link=\"https:\/\/apartments-ante.com\/a-few-words-about-omis\/mountains-1699616-katarzyna-tyl-from-pixabay-2\/\" class=\"wp-image-199\" srcset=\"https:\/\/apartments-ante.com\/wp-content\/uploads\/2021\/12\/mountains-1699616-Katarzyna-Tyl-from-Pixabay-1024x290.jpg 1024w, https:\/\/apartments-ante.com\/wp-content\/uploads\/2021\/12\/mountains-1699616-Katarzyna-Tyl-from-Pixabay-300x85.jpg 300w, https:\/\/apartments-ante.com\/wp-content\/uploads\/2021\/12\/mountains-1699616-Katarzyna-Tyl-from-Pixabay-768x218.jpg 768w, https:\/\/apartments-ante.com\/wp-content\/uploads\/2021\/12\/mountains-1699616-Katarzyna-Tyl-from-Pixabay-1536x436.jpg 1536w, https:\/\/apartments-ante.com\/wp-content\/uploads\/2021\/12\/mountains-1699616-Katarzyna-Tyl-from-Pixabay-2048x581.jpg 2048w\" sizes=\"auto, (max-width: 1024px) 100vw, 1024px\" \/><\/a><\/figure><\/li><\/ul><\/figure>\n\n\n\n<hr class=\"wp-block-separator has-text-color has-background has-vivid-cyan-blue-background-color has-vivid-cyan-blue-color\"\/>\n","protected":false},"excerpt":{"rendered":"<p>Ma\u0142e dalmaty\u0144skie miasteczko u uj\u015bcia rzeki Cetina! Unikalne po\u0142\u0105czenie rzeki Cetina, morza i g\u00f3r jest oddalone od Splitu o zaledwie 25 km. Je\u015bli jeste\u015b jednym z tych, kt\u00f3rzy chc\u0105 aktywnego wypoczynku we w\u0142a\u015bciwym miejscu, Omis oferuje niezliczone zaj\u0119cia na morzu, wodzie, w g\u00f3rach lub w powietrzu. Dla tych, kt\u00f3rzy chc\u0105 zobaczy\u0107 zabytki kultury i historii, <\/p>\n","protected":false},"author":1,"featured_media":0,"parent":0,"menu_order":0,"comment_status":"closed","ping_status":"closed","template":"","meta":{"_acf_changed":false,"footnotes":""},"categories":[],"tags":[],"page_categories":[],"class_list":["post-1559","page","type-page","status-publish","hentry"],"acf":[],"_links":{"self":[{"href":"https:\/\/apartments-ante.com\/pl\/wp-json\/wp\/v2\/pages\/1559","targetHints":{"allow":["GET"]}}],"collection":[{"href":"https:\/\/apartments-ante.com\/pl\/wp-json\/wp\/v2\/pages"}],"about":[{"href":"https:\/\/apartments-ante.com\/pl\/wp-json\/wp\/v2\/types\/page"}],"author":[{"embeddable":true,"href":"https:\/\/apartments-ante.com\/pl\/wp-json\/wp\/v2\/users\/1"}],"replies":[{"embeddable":true,"href":"https:\/\/apartments-ante.com\/pl\/wp-json\/wp\/v2\/comments?post=1559"}],"version-history":[{"count":2,"href":"https:\/\/apartments-ante.com\/pl\/wp-json\/wp\/v2\/pages\/1559\/revisions"}],"predecessor-version":[{"id":1608,"href":"https:\/\/apartments-ante.com\/pl\/wp-json\/wp\/v2\/pages\/1559\/revisions\/1608"}],"wp:attachment":[{"href":"https:\/\/apartments-ante.com\/pl\/wp-json\/wp\/v2\/media?parent=1559"}],"wp:term":[{"taxonomy":"category","embeddable":true,"href":"https:\/\/apartments-ante.com\/pl\/wp-json\/wp\/v2\/categories?post=1559"},{"taxonomy":"post_tag","embeddable":true,"href":"https:\/\/apartments-ante.com\/pl\/wp-json\/wp\/v2\/tags?post=1559"},{"taxonomy":"page_categories","embeddable":true,"href":"https:\/\/apartments-ante.com\/pl\/wp-json\/wp\/v2\/page_categories?post=1559"}],"curies":[{"name":"wp","href":"https:\/\/api.w.org\/{rel}","templated":true}]}}