{"id":1578,"date":"2021-12-06T09:58:59","date_gmt":"2021-12-06T08:58:59","guid":{"rendered":"https:\/\/apartments-ante.com\/excursions\/"},"modified":"2021-12-15T13:32:57","modified_gmt":"2021-12-15T12:32:57","slug":"kirandulasok","status":"publish","type":"page","link":"https:\/\/apartments-ante.com\/hu\/kirandulasok\/","title":{"rendered":"Kir\u00e1ndul\u00e1sok"},"content":{"rendered":"\n<p>SZIGETEK \u2013 A haj\u00f3k minden nap indulnak a v\u00e1ros kik\u00f6t\u0151j\u00e9b\u0151l. A kis szigetek els\u00f6pr\u0151 l\u00e1tv\u00e1nya, kellemes dalm\u00e1t dalok, grillezett hal \u00e9s saj\u00e1t k\u00e9sz\u00edt\u00e9s\u0171 sz\u0151l\u0151 eml\u00e9kezteti az utasokat az \u0151si kal\u00f3zhagyom\u00e1nyra. A k\u00edv\u00e1nt helyen jut id\u0151 v\u00e1rosn\u00e9z\u00e9sre, napoz\u00e1sra, \u00fasz\u00e1sra.<\/p>\n\n\n\n<hr class=\"wp-block-separator has-text-color has-background has-vivid-cyan-blue-background-color has-vivid-cyan-blue-color\"\/>\n\n\n\n<figure class=\"wp-block-gallery columns-4 is-cropped wp-block-gallery-1 is-layout-flex wp-block-gallery-is-layout-flex\"><ul class=\"blocks-gallery-grid\"><li class=\"blocks-gallery-item\"><figure><a href=\"https:\/\/apartments-ante.com\/wp-content\/uploads\/2021\/12\/excursions00001.jpg\"><img loading=\"lazy\" decoding=\"async\" width=\"1024\" height=\"683\" src=\"https:\/\/apartments-ante.com\/wp-content\/uploads\/2021\/12\/excursions00001.jpg\" alt=\"\" data-id=\"1244\" data-full-url=\"https:\/\/apartments-ante.com\/wp-content\/uploads\/2021\/12\/excursions00001.jpg\" data-link=\"https:\/\/apartments-ante.com\/excursions\/excursions00001\/\" class=\"wp-image-1248\" srcset=\"https:\/\/apartments-ante.com\/wp-content\/uploads\/2021\/12\/excursions00001.jpg 1024w, https:\/\/apartments-ante.com\/wp-content\/uploads\/2021\/12\/excursions00001-300x200.jpg 300w, https:\/\/apartments-ante.com\/wp-content\/uploads\/2021\/12\/excursions00001-768x512.jpg 768w\" sizes=\"auto, (max-width: 1024px) 100vw, 1024px\" \/><\/a><\/figure><\/li><li class=\"blocks-gallery-item\"><figure><a href=\"https:\/\/apartments-ante.com\/wp-content\/uploads\/2021\/12\/excursions00002.jpg\"><img loading=\"lazy\" decoding=\"async\" width=\"1022\" height=\"768\" src=\"https:\/\/apartments-ante.com\/wp-content\/uploads\/2021\/12\/excursions00002.jpg\" alt=\"\" data-id=\"1250\" data-full-url=\"https:\/\/apartments-ante.com\/wp-content\/uploads\/2021\/12\/excursions00002.jpg\" data-link=\"https:\/\/apartments-ante.com\/excursions\/excursions00002\/\" class=\"wp-image-1254\" srcset=\"https:\/\/apartments-ante.com\/wp-content\/uploads\/2021\/12\/excursions00002.jpg 1022w, https:\/\/apartments-ante.com\/wp-content\/uploads\/2021\/12\/excursions00002-300x224.jpg 300w, https:\/\/apartments-ante.com\/wp-content\/uploads\/2021\/12\/excursions00002-768x577.jpg 768w\" sizes=\"auto, (max-width: 1022px) 100vw, 1022px\" \/><\/a><\/figure><\/li><li class=\"blocks-gallery-item\"><figure><a href=\"https:\/\/apartments-ante.com\/wp-content\/uploads\/2021\/12\/excursions00003.jpg\"><img loading=\"lazy\" decoding=\"async\" width=\"1024\" height=\"768\" src=\"https:\/\/apartments-ante.com\/wp-content\/uploads\/2021\/12\/excursions00003.jpg\" alt=\"\" data-id=\"1256\" data-full-url=\"https:\/\/apartments-ante.com\/wp-content\/uploads\/2021\/12\/excursions00003.jpg\" data-link=\"https:\/\/apartments-ante.com\/excursions\/excursions00003\/\" class=\"wp-image-1260\" srcset=\"https:\/\/apartments-ante.com\/wp-content\/uploads\/2021\/12\/excursions00003.jpg 1024w, https:\/\/apartments-ante.com\/wp-content\/uploads\/2021\/12\/excursions00003-300x224.jpg 300w, https:\/\/apartments-ante.com\/wp-content\/uploads\/2021\/12\/excursions00003-768x576.jpg 768w\" sizes=\"auto, (max-width: 1024px) 100vw, 1024px\" \/><\/a><\/figure><\/li><li class=\"blocks-gallery-item\"><figure><a href=\"https:\/\/apartments-ante.com\/wp-content\/uploads\/2021\/12\/excursions00004.jpg\"><img loading=\"lazy\" decoding=\"async\" width=\"1024\" height=\"682\" src=\"https:\/\/apartments-ante.com\/wp-content\/uploads\/2021\/12\/excursions00004.jpg\" alt=\"\" data-id=\"1262\" data-full-url=\"https:\/\/apartments-ante.com\/wp-content\/uploads\/2021\/12\/excursions00004.jpg\" data-link=\"https:\/\/apartments-ante.com\/excursions\/excursions00004\/\" class=\"wp-image-1266\" srcset=\"https:\/\/apartments-ante.com\/wp-content\/uploads\/2021\/12\/excursions00004.jpg 1024w, https:\/\/apartments-ante.com\/wp-content\/uploads\/2021\/12\/excursions00004-300x200.jpg 300w, https:\/\/apartments-ante.com\/wp-content\/uploads\/2021\/12\/excursions00004-768x512.jpg 768w\" sizes=\"auto, (max-width: 1024px) 100vw, 1024px\" \/><\/a><\/figure><\/li><\/ul><\/figure>\n\n\n\n<hr class=\"wp-block-separator has-text-color has-background has-vivid-cyan-blue-background-color has-vivid-cyan-blue-color\"\/>\n\n\n\n<p>raftingol\u00e1s \u00e9s kanyonoz\u00e1s A CETINA FOLY\u00d3N \u2013 Ez a kir\u00e1ndul\u00e1s mag\u00e1ban foglalja a Cetina foly\u00f3n val\u00f3 lesz\u00e1ll\u00e1st Slime-b\u0151l a Radmanove mlinice kir\u00e1ndul\u00f3helyre naponta. A foly\u00f3n leereszked\u00e9s k\u00f6r\u00fclbel\u00fcl 3-4 \u00f3r\u00e1ig tart, mintegy 10 km hosszon. Ez a legjobb m\u00f3dja annak, hogy megismerj\u00fck a Cetina foly\u00f3 k\u00e1nonj\u00e1t, a v\u00edzes\u00e9seket \u00e9s az azt k\u00f6r\u00fclvev\u0151 gazdag n\u00f6v\u00e9nyzetet. A kalandra \u00e9s az \u00e9rintetlen term\u00e9szetre v\u00e1gy\u00f3k \u00e9lvezni fogj\u00e1k ezt. Tapasztalt vezet\u0151ink mindig veled vannak.<\/p>\n\n\n\n<p>CETINA FOLY\u00d3I \u00daT\u00a0\u2013 Ez a kir\u00e1ndul\u00e1s kis haj\u00f3kkal val\u00f3 vezet\u00e9st tartalmaz a Cetina foly\u00f3 kanyonj\u00e1n, annak torkolat\u00e1t\u00f3l a Radmanove mlinice kir\u00e1ndul\u00f3helyig. Mag\u00e1ban az \u00fcd\u00fcl\u0151helyen \u00e9lvezheti a j\u00f3 \u00e9teleket, a Cetina foly\u00f3t k\u00f6r\u00fclvev\u0151 \u00e9rintetlen term\u00e9szetet, s\u00e9t\u00e1lhat vagy \u00faszhat a krist\u00e1lytiszta foly\u00f3ban. Ezut\u00e1n visszat\u00e9r\u00fcnk Omi\u0161 v\u00e1ros\u00e1ba. A Cetina foly\u00f3 csod\u00e1latos k\u00e1nonja felejthetetlen hangulatot var\u00e1zsol minden l\u00e1togat\u00f3nak. Az utaz\u00e1s f\u00e9lnapos.<\/p>\n\n\n\n<hr class=\"wp-block-separator has-text-color has-background has-vivid-cyan-blue-background-color has-vivid-cyan-blue-color\"\/>\n\n\n\n<figure class=\"wp-block-gallery columns-4 is-cropped wp-block-gallery-2 is-layout-flex wp-block-gallery-is-layout-flex\"><ul class=\"blocks-gallery-grid\"><li class=\"blocks-gallery-item\"><figure><a href=\"https:\/\/apartments-ante.com\/wp-content\/uploads\/2021\/12\/excursions00005.jpg\"><img loading=\"lazy\" decoding=\"async\" width=\"1024\" height=\"768\" src=\"https:\/\/apartments-ante.com\/wp-content\/uploads\/2021\/12\/excursions00005.jpg\" alt=\"\" data-id=\"1268\" data-full-url=\"https:\/\/apartments-ante.com\/wp-content\/uploads\/2021\/12\/excursions00005.jpg\" data-link=\"https:\/\/apartments-ante.com\/excursions\/excursions00005\/\" class=\"wp-image-1272\" srcset=\"https:\/\/apartments-ante.com\/wp-content\/uploads\/2021\/12\/excursions00005.jpg 1024w, https:\/\/apartments-ante.com\/wp-content\/uploads\/2021\/12\/excursions00005-300x224.jpg 300w, https:\/\/apartments-ante.com\/wp-content\/uploads\/2021\/12\/excursions00005-768x576.jpg 768w\" sizes=\"auto, (max-width: 1024px) 100vw, 1024px\" \/><\/a><\/figure><\/li><li class=\"blocks-gallery-item\"><figure><a href=\"https:\/\/apartments-ante.com\/wp-content\/uploads\/2021\/12\/excursions00006.jpg\"><img loading=\"lazy\" decoding=\"async\" width=\"1024\" height=\"768\" src=\"https:\/\/apartments-ante.com\/wp-content\/uploads\/2021\/12\/excursions00006.jpg\" alt=\"\" data-id=\"1274\" data-full-url=\"https:\/\/apartments-ante.com\/wp-content\/uploads\/2021\/12\/excursions00006.jpg\" data-link=\"https:\/\/apartments-ante.com\/excursions\/olympus-digital-camera\/\" class=\"wp-image-1278\" srcset=\"https:\/\/apartments-ante.com\/wp-content\/uploads\/2021\/12\/excursions00006.jpg 1024w, https:\/\/apartments-ante.com\/wp-content\/uploads\/2021\/12\/excursions00006-300x224.jpg 300w, https:\/\/apartments-ante.com\/wp-content\/uploads\/2021\/12\/excursions00006-768x576.jpg 768w\" sizes=\"auto, (max-width: 1024px) 100vw, 1024px\" \/><\/a><\/figure><\/li><li class=\"blocks-gallery-item\"><figure><a href=\"https:\/\/apartments-ante.com\/wp-content\/uploads\/2021\/12\/excursions00007.jpg\"><img loading=\"lazy\" decoding=\"async\" width=\"1024\" height=\"681\" src=\"https:\/\/apartments-ante.com\/wp-content\/uploads\/2021\/12\/excursions00007.jpg\" alt=\"\" data-id=\"1280\" data-full-url=\"https:\/\/apartments-ante.com\/wp-content\/uploads\/2021\/12\/excursions00007.jpg\" data-link=\"https:\/\/apartments-ante.com\/excursions\/excursions00007\/\" class=\"wp-image-1284\" srcset=\"https:\/\/apartments-ante.com\/wp-content\/uploads\/2021\/12\/excursions00007.jpg 1024w, https:\/\/apartments-ante.com\/wp-content\/uploads\/2021\/12\/excursions00007-300x200.jpg 300w, https:\/\/apartments-ante.com\/wp-content\/uploads\/2021\/12\/excursions00007-768x511.jpg 768w\" sizes=\"auto, (max-width: 1024px) 100vw, 1024px\" \/><\/a><\/figure><\/li><li class=\"blocks-gallery-item\"><figure><a href=\"https:\/\/apartments-ante.com\/wp-content\/uploads\/2021\/12\/excursions00008.jpg\"><img loading=\"lazy\" decoding=\"async\" width=\"1024\" height=\"768\" src=\"https:\/\/apartments-ante.com\/wp-content\/uploads\/2021\/12\/excursions00008.jpg\" alt=\"\" data-id=\"1286\" data-full-url=\"https:\/\/apartments-ante.com\/wp-content\/uploads\/2021\/12\/excursions00008.jpg\" data-link=\"https:\/\/apartments-ante.com\/excursions\/excursions00008\/\" class=\"wp-image-1290\" srcset=\"https:\/\/apartments-ante.com\/wp-content\/uploads\/2021\/12\/excursions00008.jpg 1024w, https:\/\/apartments-ante.com\/wp-content\/uploads\/2021\/12\/excursions00008-300x224.jpg 300w, https:\/\/apartments-ante.com\/wp-content\/uploads\/2021\/12\/excursions00008-768x576.jpg 768w\" sizes=\"auto, (max-width: 1024px) 100vw, 1024px\" \/><\/a><\/figure><\/li><li class=\"blocks-gallery-item\"><figure><a href=\"https:\/\/apartments-ante.com\/wp-content\/uploads\/2021\/12\/excursions00009.jpg\"><img loading=\"lazy\" decoding=\"async\" width=\"768\" height=\"768\" src=\"https:\/\/apartments-ante.com\/wp-content\/uploads\/2021\/12\/excursions00009.jpg\" alt=\"\" data-id=\"1292\" data-full-url=\"https:\/\/apartments-ante.com\/wp-content\/uploads\/2021\/12\/excursions00009.jpg\" data-link=\"https:\/\/apartments-ante.com\/excursions\/excursions00009\/\" class=\"wp-image-1296\" srcset=\"https:\/\/apartments-ante.com\/wp-content\/uploads\/2021\/12\/excursions00009.jpg 768w, https:\/\/apartments-ante.com\/wp-content\/uploads\/2021\/12\/excursions00009-300x300.jpg 300w, https:\/\/apartments-ante.com\/wp-content\/uploads\/2021\/12\/excursions00009-150x150.jpg 150w\" sizes=\"auto, (max-width: 768px) 100vw, 768px\" \/><\/a><\/figure><\/li><li class=\"blocks-gallery-item\"><figure><a href=\"https:\/\/apartments-ante.com\/wp-content\/uploads\/2021\/12\/excursions00010.jpg\"><img loading=\"lazy\" decoding=\"async\" width=\"1024\" height=\"682\" src=\"https:\/\/apartments-ante.com\/wp-content\/uploads\/2021\/12\/excursions00010.jpg\" alt=\"\" data-id=\"1298\" data-full-url=\"https:\/\/apartments-ante.com\/wp-content\/uploads\/2021\/12\/excursions00010.jpg\" data-link=\"https:\/\/apartments-ante.com\/excursions\/excursions00010\/\" class=\"wp-image-1302\" srcset=\"https:\/\/apartments-ante.com\/wp-content\/uploads\/2021\/12\/excursions00010.jpg 1024w, https:\/\/apartments-ante.com\/wp-content\/uploads\/2021\/12\/excursions00010-300x200.jpg 300w, https:\/\/apartments-ante.com\/wp-content\/uploads\/2021\/12\/excursions00010-768x512.jpg 768w\" sizes=\"auto, (max-width: 1024px) 100vw, 1024px\" \/><\/a><\/figure><\/li><li class=\"blocks-gallery-item\"><figure><a href=\"https:\/\/apartments-ante.com\/wp-content\/uploads\/2021\/12\/excursions00011.jpg\"><img loading=\"lazy\" decoding=\"async\" width=\"1024\" height=\"768\" src=\"https:\/\/apartments-ante.com\/wp-content\/uploads\/2021\/12\/excursions00011.jpg\" alt=\"\" data-id=\"1304\" data-full-url=\"https:\/\/apartments-ante.com\/wp-content\/uploads\/2021\/12\/excursions00011.jpg\" data-link=\"https:\/\/apartments-ante.com\/excursions\/excursions00011\/\" class=\"wp-image-1308\" srcset=\"https:\/\/apartments-ante.com\/wp-content\/uploads\/2021\/12\/excursions00011.jpg 1024w, https:\/\/apartments-ante.com\/wp-content\/uploads\/2021\/12\/excursions00011-300x224.jpg 300w, https:\/\/apartments-ante.com\/wp-content\/uploads\/2021\/12\/excursions00011-768x576.jpg 768w\" sizes=\"auto, (max-width: 1024px) 100vw, 1024px\" \/><\/a><\/figure><\/li><li class=\"blocks-gallery-item\"><figure><a href=\"https:\/\/apartments-ante.com\/wp-content\/uploads\/2021\/12\/excursions00012.jpg\"><img loading=\"lazy\" decoding=\"async\" width=\"1024\" height=\"680\" src=\"https:\/\/apartments-ante.com\/wp-content\/uploads\/2021\/12\/excursions00012.jpg\" alt=\"\" data-id=\"1310\" data-full-url=\"https:\/\/apartments-ante.com\/wp-content\/uploads\/2021\/12\/excursions00012.jpg\" data-link=\"https:\/\/apartments-ante.com\/excursions\/excursions00012\/\" class=\"wp-image-1314\" srcset=\"https:\/\/apartments-ante.com\/wp-content\/uploads\/2021\/12\/excursions00012.jpg 1024w, https:\/\/apartments-ante.com\/wp-content\/uploads\/2021\/12\/excursions00012-300x199.jpg 300w, https:\/\/apartments-ante.com\/wp-content\/uploads\/2021\/12\/excursions00012-768x510.jpg 768w\" sizes=\"auto, (max-width: 1024px) 100vw, 1024px\" \/><\/a><\/figure><\/li><li class=\"blocks-gallery-item\"><figure><a href=\"https:\/\/apartments-ante.com\/wp-content\/uploads\/2021\/12\/excursions00013.jpg\"><img loading=\"lazy\" decoding=\"async\" width=\"1024\" height=\"768\" src=\"https:\/\/apartments-ante.com\/wp-content\/uploads\/2021\/12\/excursions00013.jpg\" alt=\"\" data-id=\"1316\" data-full-url=\"https:\/\/apartments-ante.com\/wp-content\/uploads\/2021\/12\/excursions00013.jpg\" data-link=\"https:\/\/apartments-ante.com\/excursions\/excursions00013\/\" class=\"wp-image-1320\" srcset=\"https:\/\/apartments-ante.com\/wp-content\/uploads\/2021\/12\/excursions00013.jpg 1024w, https:\/\/apartments-ante.com\/wp-content\/uploads\/2021\/12\/excursions00013-300x224.jpg 300w, https:\/\/apartments-ante.com\/wp-content\/uploads\/2021\/12\/excursions00013-768x576.jpg 768w\" sizes=\"auto, (max-width: 1024px) 100vw, 1024px\" \/><\/a><\/figure><\/li><li class=\"blocks-gallery-item\"><figure><a href=\"https:\/\/apartments-ante.com\/wp-content\/uploads\/2021\/12\/excursions00014.jpg\"><img loading=\"lazy\" decoding=\"async\" width=\"1024\" height=\"766\" src=\"https:\/\/apartments-ante.com\/wp-content\/uploads\/2021\/12\/excursions00014.jpg\" alt=\"\" data-id=\"1322\" data-full-url=\"https:\/\/apartments-ante.com\/wp-content\/uploads\/2021\/12\/excursions00014.jpg\" data-link=\"https:\/\/apartments-ante.com\/excursions\/excursions00014\/\" class=\"wp-image-1326\" srcset=\"https:\/\/apartments-ante.com\/wp-content\/uploads\/2021\/12\/excursions00014.jpg 1024w, https:\/\/apartments-ante.com\/wp-content\/uploads\/2021\/12\/excursions00014-300x224.jpg 300w, https:\/\/apartments-ante.com\/wp-content\/uploads\/2021\/12\/excursions00014-768x575.jpg 768w\" sizes=\"auto, (max-width: 1024px) 100vw, 1024px\" \/><\/a><\/figure><\/li><li class=\"blocks-gallery-item\"><figure><a href=\"https:\/\/apartments-ante.com\/wp-content\/uploads\/2021\/12\/excursions00015.jpg\"><img loading=\"lazy\" decoding=\"async\" width=\"1024\" height=\"768\" src=\"https:\/\/apartments-ante.com\/wp-content\/uploads\/2021\/12\/excursions00015.jpg\" alt=\"\" data-id=\"1328\" data-full-url=\"https:\/\/apartments-ante.com\/wp-content\/uploads\/2021\/12\/excursions00015.jpg\" data-link=\"https:\/\/apartments-ante.com\/excursions\/olympus-digital-camera-2\/\" class=\"wp-image-1332\" srcset=\"https:\/\/apartments-ante.com\/wp-content\/uploads\/2021\/12\/excursions00015.jpg 1024w, https:\/\/apartments-ante.com\/wp-content\/uploads\/2021\/12\/excursions00015-300x224.jpg 300w, https:\/\/apartments-ante.com\/wp-content\/uploads\/2021\/12\/excursions00015-768x576.jpg 768w\" sizes=\"auto, (max-width: 1024px) 100vw, 1024px\" \/><\/a><\/figure><\/li><li class=\"blocks-gallery-item\"><figure><a href=\"https:\/\/apartments-ante.com\/wp-content\/uploads\/2021\/12\/excursions00016.jpg\"><img loading=\"lazy\" decoding=\"async\" width=\"1024\" height=\"684\" src=\"https:\/\/apartments-ante.com\/wp-content\/uploads\/2021\/12\/excursions00016.jpg\" alt=\"\" data-id=\"1334\" data-full-url=\"https:\/\/apartments-ante.com\/wp-content\/uploads\/2021\/12\/excursions00016.jpg\" data-link=\"https:\/\/apartments-ante.com\/excursions\/excursions00016\/\" class=\"wp-image-1338\" srcset=\"https:\/\/apartments-ante.com\/wp-content\/uploads\/2021\/12\/excursions00016.jpg 1024w, https:\/\/apartments-ante.com\/wp-content\/uploads\/2021\/12\/excursions00016-300x200.jpg 300w, https:\/\/apartments-ante.com\/wp-content\/uploads\/2021\/12\/excursions00016-768x513.jpg 768w\" sizes=\"auto, (max-width: 1024px) 100vw, 1024px\" \/><\/a><\/figure><\/li><li class=\"blocks-gallery-item\"><figure><a href=\"https:\/\/apartments-ante.com\/wp-content\/uploads\/2021\/12\/excursions00017.jpg\"><img loading=\"lazy\" decoding=\"async\" width=\"1024\" height=\"685\" src=\"https:\/\/apartments-ante.com\/wp-content\/uploads\/2021\/12\/excursions00017.jpg\" alt=\"\" data-id=\"1340\" data-full-url=\"https:\/\/apartments-ante.com\/wp-content\/uploads\/2021\/12\/excursions00017.jpg\" data-link=\"https:\/\/apartments-ante.com\/excursions\/excursions00017\/\" class=\"wp-image-1344\" srcset=\"https:\/\/apartments-ante.com\/wp-content\/uploads\/2021\/12\/excursions00017.jpg 1024w, https:\/\/apartments-ante.com\/wp-content\/uploads\/2021\/12\/excursions00017-300x201.jpg 300w, https:\/\/apartments-ante.com\/wp-content\/uploads\/2021\/12\/excursions00017-768x514.jpg 768w\" sizes=\"auto, (max-width: 1024px) 100vw, 1024px\" \/><\/a><\/figure><\/li><li class=\"blocks-gallery-item\"><figure><a href=\"https:\/\/apartments-ante.com\/wp-content\/uploads\/2021\/12\/excursions00018.jpg\"><img loading=\"lazy\" decoding=\"async\" width=\"1024\" height=\"768\" src=\"https:\/\/apartments-ante.com\/wp-content\/uploads\/2021\/12\/excursions00018.jpg\" alt=\"\" data-id=\"1346\" data-full-url=\"https:\/\/apartments-ante.com\/wp-content\/uploads\/2021\/12\/excursions00018.jpg\" data-link=\"https:\/\/apartments-ante.com\/excursions\/excursions00018\/\" class=\"wp-image-1350\" srcset=\"https:\/\/apartments-ante.com\/wp-content\/uploads\/2021\/12\/excursions00018.jpg 1024w, https:\/\/apartments-ante.com\/wp-content\/uploads\/2021\/12\/excursions00018-300x224.jpg 300w, https:\/\/apartments-ante.com\/wp-content\/uploads\/2021\/12\/excursions00018-768x576.jpg 768w\" sizes=\"auto, (max-width: 1024px) 100vw, 1024px\" \/><\/a><\/figure><\/li><li class=\"blocks-gallery-item\"><figure><a href=\"https:\/\/apartments-ante.com\/wp-content\/uploads\/2021\/12\/excursions00019.jpg\"><img loading=\"lazy\" decoding=\"async\" width=\"1024\" height=\"728\" src=\"https:\/\/apartments-ante.com\/wp-content\/uploads\/2021\/12\/excursions00019.jpg\" alt=\"\" data-id=\"1352\" data-full-url=\"https:\/\/apartments-ante.com\/wp-content\/uploads\/2021\/12\/excursions00019.jpg\" data-link=\"https:\/\/apartments-ante.com\/excursions\/excursions00019\/\" class=\"wp-image-1356\" srcset=\"https:\/\/apartments-ante.com\/wp-content\/uploads\/2021\/12\/excursions00019.jpg 1024w, https:\/\/apartments-ante.com\/wp-content\/uploads\/2021\/12\/excursions00019-300x214.jpg 300w, https:\/\/apartments-ante.com\/wp-content\/uploads\/2021\/12\/excursions00019-768x546.jpg 768w\" sizes=\"auto, (max-width: 1024px) 100vw, 1024px\" \/><\/a><\/figure><\/li><li class=\"blocks-gallery-item\"><figure><a href=\"https:\/\/apartments-ante.com\/wp-content\/uploads\/2021\/12\/excursions00020.jpg\"><img loading=\"lazy\" decoding=\"async\" width=\"1024\" height=\"768\" src=\"https:\/\/apartments-ante.com\/wp-content\/uploads\/2021\/12\/excursions00020.jpg\" alt=\"\" data-id=\"1358\" data-full-url=\"https:\/\/apartments-ante.com\/wp-content\/uploads\/2021\/12\/excursions00020.jpg\" data-link=\"https:\/\/apartments-ante.com\/excursions\/excursions00020\/\" class=\"wp-image-1362\" srcset=\"https:\/\/apartments-ante.com\/wp-content\/uploads\/2021\/12\/excursions00020.jpg 1024w, https:\/\/apartments-ante.com\/wp-content\/uploads\/2021\/12\/excursions00020-300x224.jpg 300w, https:\/\/apartments-ante.com\/wp-content\/uploads\/2021\/12\/excursions00020-768x576.jpg 768w\" sizes=\"auto, (max-width: 1024px) 100vw, 1024px\" \/><\/a><\/figure><\/li><li class=\"blocks-gallery-item\"><figure><a href=\"https:\/\/apartments-ante.com\/wp-content\/uploads\/2021\/12\/excursions00021.jpg\"><img loading=\"lazy\" decoding=\"async\" width=\"1024\" height=\"768\" src=\"https:\/\/apartments-ante.com\/wp-content\/uploads\/2021\/12\/excursions00021.jpg\" alt=\"\" data-id=\"1364\" data-full-url=\"https:\/\/apartments-ante.com\/wp-content\/uploads\/2021\/12\/excursions00021.jpg\" data-link=\"https:\/\/apartments-ante.com\/excursions\/excursions00021\/\" class=\"wp-image-1368\" srcset=\"https:\/\/apartments-ante.com\/wp-content\/uploads\/2021\/12\/excursions00021.jpg 1024w, https:\/\/apartments-ante.com\/wp-content\/uploads\/2021\/12\/excursions00021-300x224.jpg 300w, https:\/\/apartments-ante.com\/wp-content\/uploads\/2021\/12\/excursions00021-768x576.jpg 768w\" sizes=\"auto, (max-width: 1024px) 100vw, 1024px\" \/><\/a><\/figure><\/li><li class=\"blocks-gallery-item\"><figure><a href=\"https:\/\/apartments-ante.com\/wp-content\/uploads\/2021\/12\/excursions00022.jpg\"><img loading=\"lazy\" decoding=\"async\" width=\"1024\" height=\"768\" src=\"https:\/\/apartments-ante.com\/wp-content\/uploads\/2021\/12\/excursions00022.jpg\" alt=\"\" data-id=\"1370\" data-full-url=\"https:\/\/apartments-ante.com\/wp-content\/uploads\/2021\/12\/excursions00022.jpg\" data-link=\"https:\/\/apartments-ante.com\/excursions\/digital-camera\/\" class=\"wp-image-1374\" srcset=\"https:\/\/apartments-ante.com\/wp-content\/uploads\/2021\/12\/excursions00022.jpg 1024w, https:\/\/apartments-ante.com\/wp-content\/uploads\/2021\/12\/excursions00022-300x224.jpg 300w, https:\/\/apartments-ante.com\/wp-content\/uploads\/2021\/12\/excursions00022-768x576.jpg 768w\" sizes=\"auto, (max-width: 1024px) 100vw, 1024px\" \/><\/a><\/figure><\/li><li class=\"blocks-gallery-item\"><figure><a href=\"https:\/\/apartments-ante.com\/wp-content\/uploads\/2021\/12\/excursions00023.jpg\"><img loading=\"lazy\" decoding=\"async\" width=\"1024\" height=\"768\" src=\"https:\/\/apartments-ante.com\/wp-content\/uploads\/2021\/12\/excursions00023.jpg\" alt=\"\" data-id=\"1376\" data-full-url=\"https:\/\/apartments-ante.com\/wp-content\/uploads\/2021\/12\/excursions00023.jpg\" data-link=\"https:\/\/apartments-ante.com\/excursions\/excursions00023\/\" class=\"wp-image-1380\" srcset=\"https:\/\/apartments-ante.com\/wp-content\/uploads\/2021\/12\/excursions00023.jpg 1024w, https:\/\/apartments-ante.com\/wp-content\/uploads\/2021\/12\/excursions00023-300x224.jpg 300w, https:\/\/apartments-ante.com\/wp-content\/uploads\/2021\/12\/excursions00023-768x576.jpg 768w\" sizes=\"auto, (max-width: 1024px) 100vw, 1024px\" \/><\/a><\/figure><\/li><li class=\"blocks-gallery-item\"><figure><a href=\"https:\/\/apartments-ante.com\/wp-content\/uploads\/2021\/12\/excursions00024.jpg\"><img loading=\"lazy\" decoding=\"async\" width=\"1024\" height=\"681\" src=\"https:\/\/apartments-ante.com\/wp-content\/uploads\/2021\/12\/excursions00024.jpg\" alt=\"\" data-id=\"1382\" data-full-url=\"https:\/\/apartments-ante.com\/wp-content\/uploads\/2021\/12\/excursions00024.jpg\" data-link=\"https:\/\/apartments-ante.com\/excursions\/excursions00024\/\" class=\"wp-image-1386\" srcset=\"https:\/\/apartments-ante.com\/wp-content\/uploads\/2021\/12\/excursions00024.jpg 1024w, https:\/\/apartments-ante.com\/wp-content\/uploads\/2021\/12\/excursions00024-300x200.jpg 300w, https:\/\/apartments-ante.com\/wp-content\/uploads\/2021\/12\/excursions00024-768x511.jpg 768w\" sizes=\"auto, (max-width: 1024px) 100vw, 1024px\" \/><\/a><\/figure><\/li><\/ul><\/figure>\n\n\n\n<hr class=\"wp-block-separator has-text-color has-background has-vivid-cyan-blue-background-color has-vivid-cyan-blue-color\"\/>\n","protected":false},"excerpt":{"rendered":"<p>SZIGETEK \u2013 A haj\u00f3k minden nap indulnak a v\u00e1ros kik\u00f6t\u0151j\u00e9b\u0151l. A kis szigetek els\u00f6pr\u0151 l\u00e1tv\u00e1nya, kellemes dalm\u00e1t dalok, grillezett hal \u00e9s saj\u00e1t k\u00e9sz\u00edt\u00e9s\u0171 sz\u0151l\u0151 eml\u00e9kezteti az utasokat az \u0151si kal\u00f3zhagyom\u00e1nyra. A k\u00edv\u00e1nt helyen jut id\u0151 v\u00e1rosn\u00e9z\u00e9sre, napoz\u00e1sra, \u00fasz\u00e1sra. raftingol\u00e1s \u00e9s kanyonoz\u00e1s A CETINA FOLY\u00d3N \u2013 Ez a kir\u00e1ndul\u00e1s mag\u00e1ban foglalja a Cetina foly\u00f3n val\u00f3 lesz\u00e1ll\u00e1st <\/p>\n","protected":false},"author":1,"featured_media":0,"parent":0,"menu_order":0,"comment_status":"closed","ping_status":"closed","template":"","meta":{"_acf_changed":false,"footnotes":""},"categories":[],"tags":[],"page_categories":[],"class_list":["post-1578","page","type-page","status-publish","hentry"],"acf":[],"_links":{"self":[{"href":"https:\/\/apartments-ante.com\/hu\/wp-json\/wp\/v2\/pages\/1578","targetHints":{"allow":["GET"]}}],"collection":[{"href":"https:\/\/apartments-ante.com\/hu\/wp-json\/wp\/v2\/pages"}],"about":[{"href":"https:\/\/apartments-ante.com\/hu\/wp-json\/wp\/v2\/types\/page"}],"author":[{"embeddable":true,"href":"https:\/\/apartments-ante.com\/hu\/wp-json\/wp\/v2\/users\/1"}],"replies":[{"embeddable":true,"href":"https:\/\/apartments-ante.com\/hu\/wp-json\/wp\/v2\/comments?post=1578"}],"version-history":[{"count":1,"href":"https:\/\/apartments-ante.com\/hu\/wp-json\/wp\/v2\/pages\/1578\/revisions"}],"predecessor-version":[{"id":1616,"href":"https:\/\/apartments-ante.com\/hu\/wp-json\/wp\/v2\/pages\/1578\/revisions\/1616"}],"wp:attachment":[{"href":"https:\/\/apartments-ante.com\/hu\/wp-json\/wp\/v2\/media?parent=1578"}],"wp:term":[{"taxonomy":"category","embeddable":true,"href":"https:\/\/apartments-ante.com\/hu\/wp-json\/wp\/v2\/categories?post=1578"},{"taxonomy":"post_tag","embeddable":true,"href":"https:\/\/apartments-ante.com\/hu\/wp-json\/wp\/v2\/tags?post=1578"},{"taxonomy":"page_categories","embeddable":true,"href":"https:\/\/apartments-ante.com\/hu\/wp-json\/wp\/v2\/page_categories?post=1578"}],"curies":[{"name":"wp","href":"https:\/\/api.w.org\/{rel}","templated":true}]}}