{"id":1558,"date":"2021-12-06T09:58:27","date_gmt":"2021-12-06T08:58:27","guid":{"rendered":"https:\/\/apartments-ante.com\/about-omis\/"},"modified":"2021-12-15T13:34:04","modified_gmt":"2021-12-15T12:34:04","slug":"omisrol","status":"publish","type":"page","link":"https:\/\/apartments-ante.com\/hu\/omisrol\/","title":{"rendered":"Omi\u0161r\u00f3l"},"content":{"rendered":"\n<p>Egy kis dalm\u00e1t v\u00e1ros a Cetina foly\u00f3 torkolat\u00e1n\u00e1l! A Cetina foly\u00f3, a tenger \u00e9s a hegyek egyed\u00fcl\u00e1ll\u00f3 kapcsolata mind\u00f6ssze 25 km-re tal\u00e1lhat\u00f3 Splitt\u0151l.<\/p>\n\n\n\n<p>Ha \u00d6n azok k\u00f6z\u00e9 tartozik, akik a megfelel\u0151 helyen szeretnek akt\u00edv pihenni, Omis sz\u00e1mtalan tev\u00e9kenys\u00e9get k\u00edn\u00e1l tengeren, v\u00edzen, hegyen vagy leveg\u0151ben. Azok sz\u00e1m\u00e1ra, akik sz\u00edvesen l\u00e1tj\u00e1k a kultur\u00e1lis \u00e9s t\u00f6rt\u00e9nelmi nevezetess\u00e9geket, remek v\u00e1laszt\u00e1sunk van, \u00e9s biztos lehet benne, hogy tartalmas lesz a napja. Ha pedig j\u00f3kat szeretne enni-inni, az Omis gazdag gasztron\u00f3miai k\u00edn\u00e1lattal is rendelkezik.<br><br>Sz\u00edvesen!<\/p>\n\n\n\n<hr class=\"wp-block-separator has-text-color has-background has-vivid-cyan-blue-background-color has-vivid-cyan-blue-color\"\/>\n\n\n\n<figure class=\"wp-block-gallery columns-3 is-cropped wp-block-gallery-1 is-layout-flex wp-block-gallery-is-layout-flex\"><ul class=\"blocks-gallery-grid\"><li class=\"blocks-gallery-item\"><figure><a href=\"https:\/\/apartments-ante.com\/wp-content\/uploads\/2021\/12\/excursions00024.jpg\"><img loading=\"lazy\" decoding=\"async\" width=\"1024\" height=\"681\" src=\"https:\/\/apartments-ante.com\/wp-content\/uploads\/2021\/12\/excursions00024.jpg\" alt=\"\" data-id=\"1382\" data-full-url=\"https:\/\/apartments-ante.com\/wp-content\/uploads\/2021\/12\/excursions00024.jpg\" data-link=\"https:\/\/apartments-ante.com\/excursions\/excursions00024\/\" class=\"wp-image-1386\" srcset=\"https:\/\/apartments-ante.com\/wp-content\/uploads\/2021\/12\/excursions00024.jpg 1024w, https:\/\/apartments-ante.com\/wp-content\/uploads\/2021\/12\/excursions00024-300x200.jpg 300w, https:\/\/apartments-ante.com\/wp-content\/uploads\/2021\/12\/excursions00024-768x511.jpg 768w\" sizes=\"auto, (max-width: 1024px) 100vw, 1024px\" \/><\/a><\/figure><\/li><li class=\"blocks-gallery-item\"><figure><a href=\"https:\/\/apartments-ante.com\/wp-content\/uploads\/2021\/12\/excursions00022.jpg\"><img loading=\"lazy\" decoding=\"async\" width=\"1024\" height=\"768\" src=\"https:\/\/apartments-ante.com\/wp-content\/uploads\/2021\/12\/excursions00022.jpg\" alt=\"\" data-id=\"1370\" data-full-url=\"https:\/\/apartments-ante.com\/wp-content\/uploads\/2021\/12\/excursions00022.jpg\" data-link=\"https:\/\/apartments-ante.com\/excursions\/digital-camera\/\" class=\"wp-image-1374\" srcset=\"https:\/\/apartments-ante.com\/wp-content\/uploads\/2021\/12\/excursions00022.jpg 1024w, https:\/\/apartments-ante.com\/wp-content\/uploads\/2021\/12\/excursions00022-300x224.jpg 300w, https:\/\/apartments-ante.com\/wp-content\/uploads\/2021\/12\/excursions00022-768x576.jpg 768w\" sizes=\"auto, (max-width: 1024px) 100vw, 1024px\" \/><\/a><\/figure><\/li><li class=\"blocks-gallery-item\"><figure><a href=\"https:\/\/apartments-ante.com\/wp-content\/uploads\/2021\/12\/excursions00017.jpg\"><img loading=\"lazy\" decoding=\"async\" width=\"1024\" height=\"685\" src=\"https:\/\/apartments-ante.com\/wp-content\/uploads\/2021\/12\/excursions00017.jpg\" alt=\"\" data-id=\"1340\" data-full-url=\"https:\/\/apartments-ante.com\/wp-content\/uploads\/2021\/12\/excursions00017.jpg\" data-link=\"https:\/\/apartments-ante.com\/excursions\/excursions00017\/\" class=\"wp-image-1344\" srcset=\"https:\/\/apartments-ante.com\/wp-content\/uploads\/2021\/12\/excursions00017.jpg 1024w, https:\/\/apartments-ante.com\/wp-content\/uploads\/2021\/12\/excursions00017-300x201.jpg 300w, https:\/\/apartments-ante.com\/wp-content\/uploads\/2021\/12\/excursions00017-768x514.jpg 768w\" sizes=\"auto, (max-width: 1024px) 100vw, 1024px\" \/><\/a><\/figure><\/li><li class=\"blocks-gallery-item\"><figure><a href=\"https:\/\/apartments-ante.com\/wp-content\/uploads\/2021\/12\/excursions00018.jpg\"><img loading=\"lazy\" decoding=\"async\" width=\"1024\" height=\"768\" src=\"https:\/\/apartments-ante.com\/wp-content\/uploads\/2021\/12\/excursions00018.jpg\" alt=\"\" data-id=\"1346\" data-full-url=\"https:\/\/apartments-ante.com\/wp-content\/uploads\/2021\/12\/excursions00018.jpg\" data-link=\"https:\/\/apartments-ante.com\/excursions\/excursions00018\/\" class=\"wp-image-1350\" srcset=\"https:\/\/apartments-ante.com\/wp-content\/uploads\/2021\/12\/excursions00018.jpg 1024w, https:\/\/apartments-ante.com\/wp-content\/uploads\/2021\/12\/excursions00018-300x224.jpg 300w, https:\/\/apartments-ante.com\/wp-content\/uploads\/2021\/12\/excursions00018-768x576.jpg 768w\" sizes=\"auto, (max-width: 1024px) 100vw, 1024px\" \/><\/a><\/figure><\/li><li class=\"blocks-gallery-item\"><figure><a href=\"https:\/\/apartments-ante.com\/wp-content\/uploads\/2021\/12\/excursions00004.jpg\"><img loading=\"lazy\" decoding=\"async\" width=\"1024\" height=\"682\" src=\"https:\/\/apartments-ante.com\/wp-content\/uploads\/2021\/12\/excursions00004.jpg\" alt=\"\" data-id=\"1262\" data-full-url=\"https:\/\/apartments-ante.com\/wp-content\/uploads\/2021\/12\/excursions00004.jpg\" data-link=\"https:\/\/apartments-ante.com\/excursions\/excursions00004\/\" class=\"wp-image-1266\" srcset=\"https:\/\/apartments-ante.com\/wp-content\/uploads\/2021\/12\/excursions00004.jpg 1024w, https:\/\/apartments-ante.com\/wp-content\/uploads\/2021\/12\/excursions00004-300x200.jpg 300w, https:\/\/apartments-ante.com\/wp-content\/uploads\/2021\/12\/excursions00004-768x512.jpg 768w\" sizes=\"auto, (max-width: 1024px) 100vw, 1024px\" \/><\/a><\/figure><\/li><li class=\"blocks-gallery-item\"><figure><a href=\"https:\/\/apartments-ante.com\/wp-content\/uploads\/2021\/12\/excursions00006.jpg\"><img loading=\"lazy\" decoding=\"async\" width=\"1024\" height=\"768\" src=\"https:\/\/apartments-ante.com\/wp-content\/uploads\/2021\/12\/excursions00006.jpg\" alt=\"\" data-id=\"1274\" data-full-url=\"https:\/\/apartments-ante.com\/wp-content\/uploads\/2021\/12\/excursions00006.jpg\" data-link=\"https:\/\/apartments-ante.com\/excursions\/olympus-digital-camera\/\" class=\"wp-image-1278\" srcset=\"https:\/\/apartments-ante.com\/wp-content\/uploads\/2021\/12\/excursions00006.jpg 1024w, https:\/\/apartments-ante.com\/wp-content\/uploads\/2021\/12\/excursions00006-300x224.jpg 300w, https:\/\/apartments-ante.com\/wp-content\/uploads\/2021\/12\/excursions00006-768x576.jpg 768w\" sizes=\"auto, (max-width: 1024px) 100vw, 1024px\" \/><\/a><\/figure><\/li><li class=\"blocks-gallery-item\"><figure><a href=\"https:\/\/apartments-ante.com\/wp-content\/uploads\/2021\/12\/excursions00005.jpg\"><img loading=\"lazy\" decoding=\"async\" width=\"1024\" height=\"768\" src=\"https:\/\/apartments-ante.com\/wp-content\/uploads\/2021\/12\/excursions00005.jpg\" alt=\"\" data-id=\"1268\" data-full-url=\"https:\/\/apartments-ante.com\/wp-content\/uploads\/2021\/12\/excursions00005.jpg\" data-link=\"https:\/\/apartments-ante.com\/excursions\/excursions00005\/\" class=\"wp-image-1272\" srcset=\"https:\/\/apartments-ante.com\/wp-content\/uploads\/2021\/12\/excursions00005.jpg 1024w, https:\/\/apartments-ante.com\/wp-content\/uploads\/2021\/12\/excursions00005-300x224.jpg 300w, https:\/\/apartments-ante.com\/wp-content\/uploads\/2021\/12\/excursions00005-768x576.jpg 768w\" sizes=\"auto, (max-width: 1024px) 100vw, 1024px\" \/><\/a><\/figure><\/li><li class=\"blocks-gallery-item\"><figure><a href=\"https:\/\/apartments-ante.com\/wp-content\/uploads\/2021\/12\/app-ante-head.jpg\"><img loading=\"lazy\" decoding=\"async\" width=\"700\" height=\"500\" src=\"https:\/\/apartments-ante.com\/wp-content\/uploads\/2021\/12\/app-ante-head.jpg\" alt=\"\" data-id=\"41\" data-full-url=\"https:\/\/apartments-ante.com\/wp-content\/uploads\/2021\/12\/app-ante-head.jpg\" data-link=\"https:\/\/apartments-ante.com\/welcome\/app-ante-head\/\" class=\"wp-image-45\" srcset=\"https:\/\/apartments-ante.com\/wp-content\/uploads\/2021\/12\/app-ante-head.jpg 700w, https:\/\/apartments-ante.com\/wp-content\/uploads\/2021\/12\/app-ante-head-300x214.jpg 300w\" sizes=\"auto, (max-width: 700px) 100vw, 700px\" \/><\/a><\/figure><\/li><li class=\"blocks-gallery-item\"><figure><a href=\"https:\/\/apartments-ante.com\/wp-content\/uploads\/2021\/12\/about-omis.jpg\"><img loading=\"lazy\" decoding=\"async\" width=\"1024\" height=\"305\" src=\"https:\/\/apartments-ante.com\/wp-content\/uploads\/2021\/12\/about-omis-1024x305.jpg\" alt=\"\" data-id=\"155\" data-full-url=\"https:\/\/apartments-ante.com\/wp-content\/uploads\/2021\/12\/about-omis.jpg\" data-link=\"https:\/\/apartments-ante.com\/a-few-words-about-omis\/about-omis\/\" class=\"wp-image-159\" srcset=\"https:\/\/apartments-ante.com\/wp-content\/uploads\/2021\/12\/about-omis-1024x305.jpg 1024w, https:\/\/apartments-ante.com\/wp-content\/uploads\/2021\/12\/about-omis-300x89.jpg 300w, https:\/\/apartments-ante.com\/wp-content\/uploads\/2021\/12\/about-omis-768x229.jpg 768w, https:\/\/apartments-ante.com\/wp-content\/uploads\/2021\/12\/about-omis-1536x457.jpg 1536w, https:\/\/apartments-ante.com\/wp-content\/uploads\/2021\/12\/about-omis.jpg 1680w\" sizes=\"auto, (max-width: 1024px) 100vw, 1024px\" \/><\/a><\/figure><\/li><li class=\"blocks-gallery-item\"><figure><a href=\"https:\/\/apartments-ante.com\/wp-content\/uploads\/2021\/12\/mountains-1699616-Katarzyna-Tyl-from-Pixabay.jpg\"><img loading=\"lazy\" decoding=\"async\" width=\"1024\" height=\"290\" src=\"https:\/\/apartments-ante.com\/wp-content\/uploads\/2021\/12\/mountains-1699616-Katarzyna-Tyl-from-Pixabay-1024x290.jpg\" alt=\"\" data-id=\"199\" data-full-url=\"https:\/\/apartments-ante.com\/wp-content\/uploads\/2021\/12\/mountains-1699616-Katarzyna-Tyl-from-Pixabay.jpg\" data-link=\"https:\/\/apartments-ante.com\/a-few-words-about-omis\/mountains-1699616-katarzyna-tyl-from-pixabay-2\/\" class=\"wp-image-199\" srcset=\"https:\/\/apartments-ante.com\/wp-content\/uploads\/2021\/12\/mountains-1699616-Katarzyna-Tyl-from-Pixabay-1024x290.jpg 1024w, https:\/\/apartments-ante.com\/wp-content\/uploads\/2021\/12\/mountains-1699616-Katarzyna-Tyl-from-Pixabay-300x85.jpg 300w, https:\/\/apartments-ante.com\/wp-content\/uploads\/2021\/12\/mountains-1699616-Katarzyna-Tyl-from-Pixabay-768x218.jpg 768w, https:\/\/apartments-ante.com\/wp-content\/uploads\/2021\/12\/mountains-1699616-Katarzyna-Tyl-from-Pixabay-1536x436.jpg 1536w, https:\/\/apartments-ante.com\/wp-content\/uploads\/2021\/12\/mountains-1699616-Katarzyna-Tyl-from-Pixabay-2048x581.jpg 2048w\" sizes=\"auto, (max-width: 1024px) 100vw, 1024px\" \/><\/a><\/figure><\/li><\/ul><\/figure>\n\n\n\n<hr class=\"wp-block-separator has-text-color has-background has-vivid-cyan-blue-background-color has-vivid-cyan-blue-color\"\/>\n","protected":false},"excerpt":{"rendered":"<p>Egy kis dalm\u00e1t v\u00e1ros a Cetina foly\u00f3 torkolat\u00e1n\u00e1l! A Cetina foly\u00f3, a tenger \u00e9s a hegyek egyed\u00fcl\u00e1ll\u00f3 kapcsolata mind\u00f6ssze 25 km-re tal\u00e1lhat\u00f3 Splitt\u0151l. Ha \u00d6n azok k\u00f6z\u00e9 tartozik, akik a megfelel\u0151 helyen szeretnek akt\u00edv pihenni, Omis sz\u00e1mtalan tev\u00e9kenys\u00e9get k\u00edn\u00e1l tengeren, v\u00edzen, hegyen vagy leveg\u0151ben. Azok sz\u00e1m\u00e1ra, akik sz\u00edvesen l\u00e1tj\u00e1k a kultur\u00e1lis \u00e9s t\u00f6rt\u00e9nelmi nevezetess\u00e9geket, remek <\/p>\n","protected":false},"author":1,"featured_media":0,"parent":0,"menu_order":0,"comment_status":"closed","ping_status":"closed","template":"","meta":{"_acf_changed":false,"footnotes":""},"categories":[],"tags":[],"page_categories":[],"class_list":["post-1558","page","type-page","status-publish","hentry"],"acf":[],"_links":{"self":[{"href":"https:\/\/apartments-ante.com\/hu\/wp-json\/wp\/v2\/pages\/1558","targetHints":{"allow":["GET"]}}],"collection":[{"href":"https:\/\/apartments-ante.com\/hu\/wp-json\/wp\/v2\/pages"}],"about":[{"href":"https:\/\/apartments-ante.com\/hu\/wp-json\/wp\/v2\/types\/page"}],"author":[{"embeddable":true,"href":"https:\/\/apartments-ante.com\/hu\/wp-json\/wp\/v2\/users\/1"}],"replies":[{"embeddable":true,"href":"https:\/\/apartments-ante.com\/hu\/wp-json\/wp\/v2\/comments?post=1558"}],"version-history":[{"count":1,"href":"https:\/\/apartments-ante.com\/hu\/wp-json\/wp\/v2\/pages\/1558\/revisions"}],"predecessor-version":[{"id":1617,"href":"https:\/\/apartments-ante.com\/hu\/wp-json\/wp\/v2\/pages\/1558\/revisions\/1617"}],"wp:attachment":[{"href":"https:\/\/apartments-ante.com\/hu\/wp-json\/wp\/v2\/media?parent=1558"}],"wp:term":[{"taxonomy":"category","embeddable":true,"href":"https:\/\/apartments-ante.com\/hu\/wp-json\/wp\/v2\/categories?post=1558"},{"taxonomy":"post_tag","embeddable":true,"href":"https:\/\/apartments-ante.com\/hu\/wp-json\/wp\/v2\/tags?post=1558"},{"taxonomy":"page_categories","embeddable":true,"href":"https:\/\/apartments-ante.com\/hu\/wp-json\/wp\/v2\/page_categories?post=1558"}],"curies":[{"name":"wp","href":"https:\/\/api.w.org\/{rel}","templated":true}]}}