{"id":1506,"date":"2021-12-06T10:01:50","date_gmt":"2021-12-06T09:01:50","guid":{"rendered":"https:\/\/apartments-ante.com\/contact\/"},"modified":"2022-10-06T12:53:36","modified_gmt":"2022-10-06T11:53:36","slug":"kapcsolatba-lepni","status":"publish","type":"page","link":"https:\/\/apartments-ante.com\/hu\/kapcsolatba-lepni\/","title":{"rendered":"Kapcsolatba l\u00e9pni"},"content":{"rendered":"\n<p><strong>A h\u00e1zigazd\u00e1d: <\/strong><br>Sanda Barisic &amp; Mirjana \u0160kobalj<\/p>\n\n\n\n<p><strong>C\u00edm:<\/strong><br>Polji\u010dka cesta 25, Du\u0107e Do\u010dine<br>Omi\u0161, 21310<br>Croatia<\/p>\n\n\n\n<p><strong>E-mail: <\/strong><a href=\"mailto:antebara@gmail.com\">antebara@gmail.com<\/a><\/p>\n\n\n\n<p><strong>Telefon:<\/strong> +385 98784158<\/p>\n","protected":false},"excerpt":{"rendered":"<p>A h\u00e1zigazd\u00e1d: Sanda Barisic &amp; Mirjana \u0160kobalj C\u00edm:Polji\u010dka cesta 25, Du\u0107e Do\u010dineOmi\u0161, 21310Croatia E-mail: antebara@gmail.com Telefon: +385 98784158<\/p>\n","protected":false},"author":1,"featured_media":0,"parent":0,"menu_order":0,"comment_status":"closed","ping_status":"closed","template":"page-contact.php","meta":{"_acf_changed":false,"footnotes":""},"categories":[],"tags":[],"page_categories":[],"class_list":["post-1506","page","type-page","status-publish","hentry"],"acf":[],"_links":{"self":[{"href":"https:\/\/apartments-ante.com\/hu\/wp-json\/wp\/v2\/pages\/1506","targetHints":{"allow":["GET"]}}],"collection":[{"href":"https:\/\/apartments-ante.com\/hu\/wp-json\/wp\/v2\/pages"}],"about":[{"href":"https:\/\/apartments-ante.com\/hu\/wp-json\/wp\/v2\/types\/page"}],"author":[{"embeddable":true,"href":"https:\/\/apartments-ante.com\/hu\/wp-json\/wp\/v2\/users\/1"}],"replies":[{"embeddable":true,"href":"https:\/\/apartments-ante.com\/hu\/wp-json\/wp\/v2\/comments?post=1506"}],"version-history":[{"count":3,"href":"https:\/\/apartments-ante.com\/hu\/wp-json\/wp\/v2\/pages\/1506\/revisions"}],"predecessor-version":[{"id":2822,"href":"https:\/\/apartments-ante.com\/hu\/wp-json\/wp\/v2\/pages\/1506\/revisions\/2822"}],"wp:attachment":[{"href":"https:\/\/apartments-ante.com\/hu\/wp-json\/wp\/v2\/media?parent=1506"}],"wp:term":[{"taxonomy":"category","embeddable":true,"href":"https:\/\/apartments-ante.com\/hu\/wp-json\/wp\/v2\/categories?post=1506"},{"taxonomy":"post_tag","embeddable":true,"href":"https:\/\/apartments-ante.com\/hu\/wp-json\/wp\/v2\/tags?post=1506"},{"taxonomy":"page_categories","embeddable":true,"href":"https:\/\/apartments-ante.com\/hu\/wp-json\/wp\/v2\/page_categories?post=1506"}],"curies":[{"name":"wp","href":"https:\/\/api.w.org\/{rel}","templated":true}]}}