{"id":1576,"date":"2021-12-06T09:58:59","date_gmt":"2021-12-06T08:58:59","guid":{"rendered":"https:\/\/apartments-ante.com\/excursions\/"},"modified":"2021-12-15T13:11:44","modified_gmt":"2021-12-15T12:11:44","slug":"exkurze","status":"publish","type":"page","link":"https:\/\/apartments-ante.com\/cs\/exkurze\/","title":{"rendered":"Exkurze"},"content":{"rendered":"\n<p>OSTROVY &#8211; Lod\u011b vyplouvaj\u00ed z m\u011bstsk\u00e9ho p\u0159\u00edstavu ka\u017ed\u00fd den. \u0160irok\u00fd v\u00fdhled na mal\u00e1 ostrovn\u00ed m\u00edsta, doprov\u00e1zen\u00fd p\u0159\u00edjemn\u00fdmi t\u00f3ny dalmatsk\u00fdch p\u00edsn\u00ed, grilovan\u00fdmi rybami a dom\u00e1c\u00ed vinnou r\u00e9vou, p\u0159ipom\u00ednaj\u00ed cestuj\u00edc\u00edm starod\u00e1vnou pir\u00e1tskou tradici. Na po\u017eadovan\u00e9m m\u00edst\u011b m\u00e1te \u010das na prohl\u00eddku, opalov\u00e1n\u00ed a koup\u00e1n\u00ed.<\/p>\n\n\n\n<hr class=\"wp-block-separator has-text-color has-background has-vivid-cyan-blue-background-color has-vivid-cyan-blue-color\"\/>\n\n\n\n<figure class=\"wp-block-gallery columns-4 is-cropped wp-block-gallery-1 is-layout-flex wp-block-gallery-is-layout-flex\"><ul class=\"blocks-gallery-grid\"><li class=\"blocks-gallery-item\"><figure><a href=\"https:\/\/apartments-ante.com\/wp-content\/uploads\/2021\/12\/excursions00001.jpg\"><img loading=\"lazy\" decoding=\"async\" width=\"1024\" height=\"683\" src=\"https:\/\/apartments-ante.com\/wp-content\/uploads\/2021\/12\/excursions00001.jpg\" alt=\"\" data-id=\"1244\" data-full-url=\"https:\/\/apartments-ante.com\/wp-content\/uploads\/2021\/12\/excursions00001.jpg\" data-link=\"https:\/\/apartments-ante.com\/excursions\/excursions00001\/\" class=\"wp-image-1246\" srcset=\"https:\/\/apartments-ante.com\/wp-content\/uploads\/2021\/12\/excursions00001.jpg 1024w, https:\/\/apartments-ante.com\/wp-content\/uploads\/2021\/12\/excursions00001-300x200.jpg 300w, https:\/\/apartments-ante.com\/wp-content\/uploads\/2021\/12\/excursions00001-768x512.jpg 768w\" sizes=\"auto, (max-width: 1024px) 100vw, 1024px\" \/><\/a><\/figure><\/li><li class=\"blocks-gallery-item\"><figure><a href=\"https:\/\/apartments-ante.com\/wp-content\/uploads\/2021\/12\/excursions00002.jpg\"><img loading=\"lazy\" decoding=\"async\" width=\"1022\" height=\"768\" src=\"https:\/\/apartments-ante.com\/wp-content\/uploads\/2021\/12\/excursions00002.jpg\" alt=\"\" data-id=\"1250\" data-full-url=\"https:\/\/apartments-ante.com\/wp-content\/uploads\/2021\/12\/excursions00002.jpg\" data-link=\"https:\/\/apartments-ante.com\/excursions\/excursions00002\/\" class=\"wp-image-1252\" srcset=\"https:\/\/apartments-ante.com\/wp-content\/uploads\/2021\/12\/excursions00002.jpg 1022w, https:\/\/apartments-ante.com\/wp-content\/uploads\/2021\/12\/excursions00002-300x224.jpg 300w, https:\/\/apartments-ante.com\/wp-content\/uploads\/2021\/12\/excursions00002-768x577.jpg 768w\" sizes=\"auto, (max-width: 1022px) 100vw, 1022px\" \/><\/a><\/figure><\/li><li class=\"blocks-gallery-item\"><figure><a href=\"https:\/\/apartments-ante.com\/wp-content\/uploads\/2021\/12\/excursions00003.jpg\"><img loading=\"lazy\" decoding=\"async\" width=\"1024\" height=\"768\" src=\"https:\/\/apartments-ante.com\/wp-content\/uploads\/2021\/12\/excursions00003.jpg\" alt=\"\" data-id=\"1256\" data-full-url=\"https:\/\/apartments-ante.com\/wp-content\/uploads\/2021\/12\/excursions00003.jpg\" data-link=\"https:\/\/apartments-ante.com\/excursions\/excursions00003\/\" class=\"wp-image-1258\" srcset=\"https:\/\/apartments-ante.com\/wp-content\/uploads\/2021\/12\/excursions00003.jpg 1024w, https:\/\/apartments-ante.com\/wp-content\/uploads\/2021\/12\/excursions00003-300x224.jpg 300w, https:\/\/apartments-ante.com\/wp-content\/uploads\/2021\/12\/excursions00003-768x576.jpg 768w\" sizes=\"auto, (max-width: 1024px) 100vw, 1024px\" \/><\/a><\/figure><\/li><li class=\"blocks-gallery-item\"><figure><a href=\"https:\/\/apartments-ante.com\/wp-content\/uploads\/2021\/12\/excursions00004.jpg\"><img loading=\"lazy\" decoding=\"async\" width=\"1024\" height=\"682\" src=\"https:\/\/apartments-ante.com\/wp-content\/uploads\/2021\/12\/excursions00004.jpg\" alt=\"\" data-id=\"1262\" data-full-url=\"https:\/\/apartments-ante.com\/wp-content\/uploads\/2021\/12\/excursions00004.jpg\" data-link=\"https:\/\/apartments-ante.com\/excursions\/excursions00004\/\" class=\"wp-image-1264\" srcset=\"https:\/\/apartments-ante.com\/wp-content\/uploads\/2021\/12\/excursions00004.jpg 1024w, https:\/\/apartments-ante.com\/wp-content\/uploads\/2021\/12\/excursions00004-300x200.jpg 300w, https:\/\/apartments-ante.com\/wp-content\/uploads\/2021\/12\/excursions00004-768x512.jpg 768w\" sizes=\"auto, (max-width: 1024px) 100vw, 1024px\" \/><\/a><\/figure><\/li><\/ul><\/figure>\n\n\n\n<hr class=\"wp-block-separator has-text-color has-background has-vivid-cyan-blue-background-color has-vivid-cyan-blue-color\"\/>\n\n\n\n<p>RAFTING A KANYONING NA \u0158ECE CETINA &#8211; Tento v\u00fdlet zahrnuje ka\u017edodenn\u00ed sj\u00ed\u017ed\u011bn\u00ed \u0159eky Cetiny na raftech ze Slime do v\u00fdletn\u00edho st\u0159ediska Radmanove mlinice. Sj\u00ed\u017ed\u011bn\u00ed \u0159eky trv\u00e1 asi 3 a\u017e 4 hodiny v d\u00e9lce asi 10 km. To je nejlep\u0161\u00ed zp\u016fsob, jak poznat k\u00e1non \u0159eky Cetiny, vodop\u00e1dy a bohatou vegetaci, kter\u00e1 ji obklopuje. V\u0161ichni, kdo maj\u00ed r\u00e1di dobrodru\u017estv\u00ed a nedot\u010denou p\u0159\u00edrodu, si to u\u017eij\u00ed. Na\u0161i zku\u0161en\u00ed l\u00edd\u0159i jsou s v\u00e1mi po celou dobu.<\/p>\n\n\n\n<p>J\u00cdZDA PO \u0158ECE CETINA\u00a0\u00a0\u2013 Tato exkurze zahrnuje proj\u00ed\u017e\u010fku na mal\u00fdch \u010dlunech ka\u0148onem \u0159eky Cetiny od jej\u00edho \u00fast\u00ed do v\u00fdletn\u00edho st\u0159ediska Radmanove mlinice. V samotn\u00e9m letovisku si m\u016f\u017eete vychutnat dobr\u00e9 j\u00eddlo, nedot\u010denou p\u0159\u00edrodu kolem \u0159eky Cetiny, proch\u00e1zku nebo koup\u00e1n\u00ed v k\u0159i\u0161\u0165\u00e1lov\u011b \u010dist\u00e9 \u0159ece. N\u00e1sleduje n\u00e1vrat do m\u011bsta Omi\u0161. N\u00e1dhern\u00fd k\u00e1non \u0159eky Cetiny vytv\u00e1\u0159\u00ed nezapomenutelnou atmosf\u00e9ru pro ka\u017ed\u00e9ho n\u00e1v\u0161t\u011bvn\u00edka. V\u00fdlet je p\u016fldenn\u00ed.<\/p>\n\n\n\n<hr class=\"wp-block-separator has-text-color has-background has-vivid-cyan-blue-background-color has-vivid-cyan-blue-color\"\/>\n\n\n\n<figure class=\"wp-block-gallery columns-4 is-cropped wp-block-gallery-2 is-layout-flex wp-block-gallery-is-layout-flex\"><ul class=\"blocks-gallery-grid\"><li class=\"blocks-gallery-item\"><figure><a href=\"https:\/\/apartments-ante.com\/wp-content\/uploads\/2021\/12\/excursions00005.jpg\"><img loading=\"lazy\" decoding=\"async\" width=\"1024\" height=\"768\" src=\"https:\/\/apartments-ante.com\/wp-content\/uploads\/2021\/12\/excursions00005.jpg\" alt=\"\" data-id=\"1268\" data-full-url=\"https:\/\/apartments-ante.com\/wp-content\/uploads\/2021\/12\/excursions00005.jpg\" data-link=\"https:\/\/apartments-ante.com\/excursions\/excursions00005\/\" class=\"wp-image-1270\" srcset=\"https:\/\/apartments-ante.com\/wp-content\/uploads\/2021\/12\/excursions00005.jpg 1024w, https:\/\/apartments-ante.com\/wp-content\/uploads\/2021\/12\/excursions00005-300x224.jpg 300w, https:\/\/apartments-ante.com\/wp-content\/uploads\/2021\/12\/excursions00005-768x576.jpg 768w\" sizes=\"auto, (max-width: 1024px) 100vw, 1024px\" \/><\/a><\/figure><\/li><li class=\"blocks-gallery-item\"><figure><a href=\"https:\/\/apartments-ante.com\/wp-content\/uploads\/2021\/12\/excursions00006.jpg\"><img loading=\"lazy\" decoding=\"async\" width=\"1024\" height=\"768\" src=\"https:\/\/apartments-ante.com\/wp-content\/uploads\/2021\/12\/excursions00006.jpg\" alt=\"\" data-id=\"1274\" data-full-url=\"https:\/\/apartments-ante.com\/wp-content\/uploads\/2021\/12\/excursions00006.jpg\" data-link=\"https:\/\/apartments-ante.com\/excursions\/olympus-digital-camera\/\" class=\"wp-image-1276\" srcset=\"https:\/\/apartments-ante.com\/wp-content\/uploads\/2021\/12\/excursions00006.jpg 1024w, https:\/\/apartments-ante.com\/wp-content\/uploads\/2021\/12\/excursions00006-300x224.jpg 300w, https:\/\/apartments-ante.com\/wp-content\/uploads\/2021\/12\/excursions00006-768x576.jpg 768w\" sizes=\"auto, (max-width: 1024px) 100vw, 1024px\" \/><\/a><\/figure><\/li><li class=\"blocks-gallery-item\"><figure><a href=\"https:\/\/apartments-ante.com\/wp-content\/uploads\/2021\/12\/excursions00007.jpg\"><img loading=\"lazy\" decoding=\"async\" width=\"1024\" height=\"681\" src=\"https:\/\/apartments-ante.com\/wp-content\/uploads\/2021\/12\/excursions00007.jpg\" alt=\"\" data-id=\"1280\" data-full-url=\"https:\/\/apartments-ante.com\/wp-content\/uploads\/2021\/12\/excursions00007.jpg\" data-link=\"https:\/\/apartments-ante.com\/excursions\/excursions00007\/\" class=\"wp-image-1282\" srcset=\"https:\/\/apartments-ante.com\/wp-content\/uploads\/2021\/12\/excursions00007.jpg 1024w, https:\/\/apartments-ante.com\/wp-content\/uploads\/2021\/12\/excursions00007-300x200.jpg 300w, https:\/\/apartments-ante.com\/wp-content\/uploads\/2021\/12\/excursions00007-768x511.jpg 768w\" sizes=\"auto, (max-width: 1024px) 100vw, 1024px\" \/><\/a><\/figure><\/li><li class=\"blocks-gallery-item\"><figure><a href=\"https:\/\/apartments-ante.com\/wp-content\/uploads\/2021\/12\/excursions00008.jpg\"><img loading=\"lazy\" decoding=\"async\" width=\"1024\" height=\"768\" src=\"https:\/\/apartments-ante.com\/wp-content\/uploads\/2021\/12\/excursions00008.jpg\" alt=\"\" data-id=\"1286\" data-full-url=\"https:\/\/apartments-ante.com\/wp-content\/uploads\/2021\/12\/excursions00008.jpg\" data-link=\"https:\/\/apartments-ante.com\/excursions\/excursions00008\/\" class=\"wp-image-1288\" srcset=\"https:\/\/apartments-ante.com\/wp-content\/uploads\/2021\/12\/excursions00008.jpg 1024w, https:\/\/apartments-ante.com\/wp-content\/uploads\/2021\/12\/excursions00008-300x224.jpg 300w, https:\/\/apartments-ante.com\/wp-content\/uploads\/2021\/12\/excursions00008-768x576.jpg 768w\" sizes=\"auto, (max-width: 1024px) 100vw, 1024px\" \/><\/a><\/figure><\/li><li class=\"blocks-gallery-item\"><figure><a href=\"https:\/\/apartments-ante.com\/wp-content\/uploads\/2021\/12\/excursions00009.jpg\"><img loading=\"lazy\" decoding=\"async\" width=\"768\" height=\"768\" src=\"https:\/\/apartments-ante.com\/wp-content\/uploads\/2021\/12\/excursions00009.jpg\" alt=\"\" data-id=\"1292\" data-full-url=\"https:\/\/apartments-ante.com\/wp-content\/uploads\/2021\/12\/excursions00009.jpg\" data-link=\"https:\/\/apartments-ante.com\/excursions\/excursions00009\/\" class=\"wp-image-1294\" srcset=\"https:\/\/apartments-ante.com\/wp-content\/uploads\/2021\/12\/excursions00009.jpg 768w, https:\/\/apartments-ante.com\/wp-content\/uploads\/2021\/12\/excursions00009-300x300.jpg 300w, https:\/\/apartments-ante.com\/wp-content\/uploads\/2021\/12\/excursions00009-150x150.jpg 150w\" sizes=\"auto, (max-width: 768px) 100vw, 768px\" \/><\/a><\/figure><\/li><li class=\"blocks-gallery-item\"><figure><a href=\"https:\/\/apartments-ante.com\/wp-content\/uploads\/2021\/12\/excursions00010.jpg\"><img loading=\"lazy\" decoding=\"async\" width=\"1024\" height=\"682\" src=\"https:\/\/apartments-ante.com\/wp-content\/uploads\/2021\/12\/excursions00010.jpg\" alt=\"\" data-id=\"1298\" data-full-url=\"https:\/\/apartments-ante.com\/wp-content\/uploads\/2021\/12\/excursions00010.jpg\" data-link=\"https:\/\/apartments-ante.com\/excursions\/excursions00010\/\" class=\"wp-image-1300\" srcset=\"https:\/\/apartments-ante.com\/wp-content\/uploads\/2021\/12\/excursions00010.jpg 1024w, https:\/\/apartments-ante.com\/wp-content\/uploads\/2021\/12\/excursions00010-300x200.jpg 300w, https:\/\/apartments-ante.com\/wp-content\/uploads\/2021\/12\/excursions00010-768x512.jpg 768w\" sizes=\"auto, (max-width: 1024px) 100vw, 1024px\" \/><\/a><\/figure><\/li><li class=\"blocks-gallery-item\"><figure><a href=\"https:\/\/apartments-ante.com\/wp-content\/uploads\/2021\/12\/excursions00011.jpg\"><img loading=\"lazy\" decoding=\"async\" width=\"1024\" height=\"768\" src=\"https:\/\/apartments-ante.com\/wp-content\/uploads\/2021\/12\/excursions00011.jpg\" alt=\"\" data-id=\"1304\" data-full-url=\"https:\/\/apartments-ante.com\/wp-content\/uploads\/2021\/12\/excursions00011.jpg\" data-link=\"https:\/\/apartments-ante.com\/excursions\/excursions00011\/\" class=\"wp-image-1306\" srcset=\"https:\/\/apartments-ante.com\/wp-content\/uploads\/2021\/12\/excursions00011.jpg 1024w, https:\/\/apartments-ante.com\/wp-content\/uploads\/2021\/12\/excursions00011-300x224.jpg 300w, https:\/\/apartments-ante.com\/wp-content\/uploads\/2021\/12\/excursions00011-768x576.jpg 768w\" sizes=\"auto, (max-width: 1024px) 100vw, 1024px\" \/><\/a><\/figure><\/li><li class=\"blocks-gallery-item\"><figure><a href=\"https:\/\/apartments-ante.com\/wp-content\/uploads\/2021\/12\/excursions00012.jpg\"><img loading=\"lazy\" decoding=\"async\" width=\"1024\" height=\"680\" src=\"https:\/\/apartments-ante.com\/wp-content\/uploads\/2021\/12\/excursions00012.jpg\" alt=\"\" data-id=\"1310\" data-full-url=\"https:\/\/apartments-ante.com\/wp-content\/uploads\/2021\/12\/excursions00012.jpg\" data-link=\"https:\/\/apartments-ante.com\/excursions\/excursions00012\/\" class=\"wp-image-1312\" srcset=\"https:\/\/apartments-ante.com\/wp-content\/uploads\/2021\/12\/excursions00012.jpg 1024w, https:\/\/apartments-ante.com\/wp-content\/uploads\/2021\/12\/excursions00012-300x199.jpg 300w, https:\/\/apartments-ante.com\/wp-content\/uploads\/2021\/12\/excursions00012-768x510.jpg 768w\" sizes=\"auto, (max-width: 1024px) 100vw, 1024px\" \/><\/a><\/figure><\/li><li class=\"blocks-gallery-item\"><figure><a href=\"https:\/\/apartments-ante.com\/wp-content\/uploads\/2021\/12\/excursions00013.jpg\"><img loading=\"lazy\" decoding=\"async\" width=\"1024\" height=\"768\" src=\"https:\/\/apartments-ante.com\/wp-content\/uploads\/2021\/12\/excursions00013.jpg\" alt=\"\" data-id=\"1316\" data-full-url=\"https:\/\/apartments-ante.com\/wp-content\/uploads\/2021\/12\/excursions00013.jpg\" data-link=\"https:\/\/apartments-ante.com\/excursions\/excursions00013\/\" class=\"wp-image-1318\" srcset=\"https:\/\/apartments-ante.com\/wp-content\/uploads\/2021\/12\/excursions00013.jpg 1024w, https:\/\/apartments-ante.com\/wp-content\/uploads\/2021\/12\/excursions00013-300x224.jpg 300w, https:\/\/apartments-ante.com\/wp-content\/uploads\/2021\/12\/excursions00013-768x576.jpg 768w\" sizes=\"auto, (max-width: 1024px) 100vw, 1024px\" \/><\/a><\/figure><\/li><li class=\"blocks-gallery-item\"><figure><a href=\"https:\/\/apartments-ante.com\/wp-content\/uploads\/2021\/12\/excursions00014.jpg\"><img loading=\"lazy\" decoding=\"async\" width=\"1024\" height=\"766\" src=\"https:\/\/apartments-ante.com\/wp-content\/uploads\/2021\/12\/excursions00014.jpg\" alt=\"\" data-id=\"1322\" data-full-url=\"https:\/\/apartments-ante.com\/wp-content\/uploads\/2021\/12\/excursions00014.jpg\" data-link=\"https:\/\/apartments-ante.com\/excursions\/excursions00014\/\" class=\"wp-image-1324\" srcset=\"https:\/\/apartments-ante.com\/wp-content\/uploads\/2021\/12\/excursions00014.jpg 1024w, https:\/\/apartments-ante.com\/wp-content\/uploads\/2021\/12\/excursions00014-300x224.jpg 300w, https:\/\/apartments-ante.com\/wp-content\/uploads\/2021\/12\/excursions00014-768x575.jpg 768w\" sizes=\"auto, (max-width: 1024px) 100vw, 1024px\" \/><\/a><\/figure><\/li><li class=\"blocks-gallery-item\"><figure><a href=\"https:\/\/apartments-ante.com\/wp-content\/uploads\/2021\/12\/excursions00015.jpg\"><img loading=\"lazy\" decoding=\"async\" width=\"1024\" height=\"768\" src=\"https:\/\/apartments-ante.com\/wp-content\/uploads\/2021\/12\/excursions00015.jpg\" alt=\"\" data-id=\"1328\" data-full-url=\"https:\/\/apartments-ante.com\/wp-content\/uploads\/2021\/12\/excursions00015.jpg\" data-link=\"https:\/\/apartments-ante.com\/excursions\/olympus-digital-camera-2\/\" class=\"wp-image-1330\" srcset=\"https:\/\/apartments-ante.com\/wp-content\/uploads\/2021\/12\/excursions00015.jpg 1024w, https:\/\/apartments-ante.com\/wp-content\/uploads\/2021\/12\/excursions00015-300x224.jpg 300w, https:\/\/apartments-ante.com\/wp-content\/uploads\/2021\/12\/excursions00015-768x576.jpg 768w\" sizes=\"auto, (max-width: 1024px) 100vw, 1024px\" \/><\/a><\/figure><\/li><li class=\"blocks-gallery-item\"><figure><a href=\"https:\/\/apartments-ante.com\/wp-content\/uploads\/2021\/12\/excursions00016.jpg\"><img loading=\"lazy\" decoding=\"async\" width=\"1024\" height=\"684\" src=\"https:\/\/apartments-ante.com\/wp-content\/uploads\/2021\/12\/excursions00016.jpg\" alt=\"\" data-id=\"1334\" data-full-url=\"https:\/\/apartments-ante.com\/wp-content\/uploads\/2021\/12\/excursions00016.jpg\" data-link=\"https:\/\/apartments-ante.com\/excursions\/excursions00016\/\" class=\"wp-image-1336\" srcset=\"https:\/\/apartments-ante.com\/wp-content\/uploads\/2021\/12\/excursions00016.jpg 1024w, https:\/\/apartments-ante.com\/wp-content\/uploads\/2021\/12\/excursions00016-300x200.jpg 300w, https:\/\/apartments-ante.com\/wp-content\/uploads\/2021\/12\/excursions00016-768x513.jpg 768w\" sizes=\"auto, (max-width: 1024px) 100vw, 1024px\" \/><\/a><\/figure><\/li><li class=\"blocks-gallery-item\"><figure><a href=\"https:\/\/apartments-ante.com\/wp-content\/uploads\/2021\/12\/excursions00017.jpg\"><img loading=\"lazy\" decoding=\"async\" width=\"1024\" height=\"685\" src=\"https:\/\/apartments-ante.com\/wp-content\/uploads\/2021\/12\/excursions00017.jpg\" alt=\"\" data-id=\"1340\" data-full-url=\"https:\/\/apartments-ante.com\/wp-content\/uploads\/2021\/12\/excursions00017.jpg\" data-link=\"https:\/\/apartments-ante.com\/excursions\/excursions00017\/\" class=\"wp-image-1342\" srcset=\"https:\/\/apartments-ante.com\/wp-content\/uploads\/2021\/12\/excursions00017.jpg 1024w, https:\/\/apartments-ante.com\/wp-content\/uploads\/2021\/12\/excursions00017-300x201.jpg 300w, https:\/\/apartments-ante.com\/wp-content\/uploads\/2021\/12\/excursions00017-768x514.jpg 768w\" sizes=\"auto, (max-width: 1024px) 100vw, 1024px\" \/><\/a><\/figure><\/li><li class=\"blocks-gallery-item\"><figure><a href=\"https:\/\/apartments-ante.com\/wp-content\/uploads\/2021\/12\/excursions00018.jpg\"><img loading=\"lazy\" decoding=\"async\" width=\"1024\" height=\"768\" src=\"https:\/\/apartments-ante.com\/wp-content\/uploads\/2021\/12\/excursions00018.jpg\" alt=\"\" data-id=\"1346\" data-full-url=\"https:\/\/apartments-ante.com\/wp-content\/uploads\/2021\/12\/excursions00018.jpg\" data-link=\"https:\/\/apartments-ante.com\/excursions\/excursions00018\/\" class=\"wp-image-1348\" srcset=\"https:\/\/apartments-ante.com\/wp-content\/uploads\/2021\/12\/excursions00018.jpg 1024w, https:\/\/apartments-ante.com\/wp-content\/uploads\/2021\/12\/excursions00018-300x224.jpg 300w, https:\/\/apartments-ante.com\/wp-content\/uploads\/2021\/12\/excursions00018-768x576.jpg 768w\" sizes=\"auto, (max-width: 1024px) 100vw, 1024px\" \/><\/a><\/figure><\/li><li class=\"blocks-gallery-item\"><figure><a href=\"https:\/\/apartments-ante.com\/wp-content\/uploads\/2021\/12\/excursions00019.jpg\"><img loading=\"lazy\" decoding=\"async\" width=\"1024\" height=\"728\" src=\"https:\/\/apartments-ante.com\/wp-content\/uploads\/2021\/12\/excursions00019.jpg\" alt=\"\" data-id=\"1352\" data-full-url=\"https:\/\/apartments-ante.com\/wp-content\/uploads\/2021\/12\/excursions00019.jpg\" data-link=\"https:\/\/apartments-ante.com\/excursions\/excursions00019\/\" class=\"wp-image-1354\" srcset=\"https:\/\/apartments-ante.com\/wp-content\/uploads\/2021\/12\/excursions00019.jpg 1024w, https:\/\/apartments-ante.com\/wp-content\/uploads\/2021\/12\/excursions00019-300x214.jpg 300w, https:\/\/apartments-ante.com\/wp-content\/uploads\/2021\/12\/excursions00019-768x546.jpg 768w\" sizes=\"auto, (max-width: 1024px) 100vw, 1024px\" \/><\/a><\/figure><\/li><li class=\"blocks-gallery-item\"><figure><a href=\"https:\/\/apartments-ante.com\/wp-content\/uploads\/2021\/12\/excursions00020.jpg\"><img loading=\"lazy\" decoding=\"async\" width=\"1024\" height=\"768\" src=\"https:\/\/apartments-ante.com\/wp-content\/uploads\/2021\/12\/excursions00020.jpg\" alt=\"\" data-id=\"1358\" data-full-url=\"https:\/\/apartments-ante.com\/wp-content\/uploads\/2021\/12\/excursions00020.jpg\" data-link=\"https:\/\/apartments-ante.com\/excursions\/excursions00020\/\" class=\"wp-image-1360\" srcset=\"https:\/\/apartments-ante.com\/wp-content\/uploads\/2021\/12\/excursions00020.jpg 1024w, https:\/\/apartments-ante.com\/wp-content\/uploads\/2021\/12\/excursions00020-300x224.jpg 300w, https:\/\/apartments-ante.com\/wp-content\/uploads\/2021\/12\/excursions00020-768x576.jpg 768w\" sizes=\"auto, (max-width: 1024px) 100vw, 1024px\" \/><\/a><\/figure><\/li><li class=\"blocks-gallery-item\"><figure><a href=\"https:\/\/apartments-ante.com\/wp-content\/uploads\/2021\/12\/excursions00021.jpg\"><img loading=\"lazy\" decoding=\"async\" width=\"1024\" height=\"768\" src=\"https:\/\/apartments-ante.com\/wp-content\/uploads\/2021\/12\/excursions00021.jpg\" alt=\"\" data-id=\"1364\" data-full-url=\"https:\/\/apartments-ante.com\/wp-content\/uploads\/2021\/12\/excursions00021.jpg\" data-link=\"https:\/\/apartments-ante.com\/excursions\/excursions00021\/\" class=\"wp-image-1366\" srcset=\"https:\/\/apartments-ante.com\/wp-content\/uploads\/2021\/12\/excursions00021.jpg 1024w, https:\/\/apartments-ante.com\/wp-content\/uploads\/2021\/12\/excursions00021-300x224.jpg 300w, https:\/\/apartments-ante.com\/wp-content\/uploads\/2021\/12\/excursions00021-768x576.jpg 768w\" sizes=\"auto, (max-width: 1024px) 100vw, 1024px\" \/><\/a><\/figure><\/li><li class=\"blocks-gallery-item\"><figure><a href=\"https:\/\/apartments-ante.com\/wp-content\/uploads\/2021\/12\/excursions00022.jpg\"><img loading=\"lazy\" decoding=\"async\" width=\"1024\" height=\"768\" src=\"https:\/\/apartments-ante.com\/wp-content\/uploads\/2021\/12\/excursions00022.jpg\" alt=\"\" data-id=\"1370\" data-full-url=\"https:\/\/apartments-ante.com\/wp-content\/uploads\/2021\/12\/excursions00022.jpg\" data-link=\"https:\/\/apartments-ante.com\/excursions\/digital-camera\/\" class=\"wp-image-1372\" srcset=\"https:\/\/apartments-ante.com\/wp-content\/uploads\/2021\/12\/excursions00022.jpg 1024w, https:\/\/apartments-ante.com\/wp-content\/uploads\/2021\/12\/excursions00022-300x224.jpg 300w, https:\/\/apartments-ante.com\/wp-content\/uploads\/2021\/12\/excursions00022-768x576.jpg 768w\" sizes=\"auto, (max-width: 1024px) 100vw, 1024px\" \/><\/a><\/figure><\/li><li class=\"blocks-gallery-item\"><figure><a href=\"https:\/\/apartments-ante.com\/wp-content\/uploads\/2021\/12\/excursions00023.jpg\"><img loading=\"lazy\" decoding=\"async\" width=\"1024\" height=\"768\" src=\"https:\/\/apartments-ante.com\/wp-content\/uploads\/2021\/12\/excursions00023.jpg\" alt=\"\" data-id=\"1376\" data-full-url=\"https:\/\/apartments-ante.com\/wp-content\/uploads\/2021\/12\/excursions00023.jpg\" data-link=\"https:\/\/apartments-ante.com\/excursions\/excursions00023\/\" class=\"wp-image-1378\" srcset=\"https:\/\/apartments-ante.com\/wp-content\/uploads\/2021\/12\/excursions00023.jpg 1024w, https:\/\/apartments-ante.com\/wp-content\/uploads\/2021\/12\/excursions00023-300x224.jpg 300w, https:\/\/apartments-ante.com\/wp-content\/uploads\/2021\/12\/excursions00023-768x576.jpg 768w\" sizes=\"auto, (max-width: 1024px) 100vw, 1024px\" \/><\/a><\/figure><\/li><li class=\"blocks-gallery-item\"><figure><a href=\"https:\/\/apartments-ante.com\/wp-content\/uploads\/2021\/12\/excursions00024.jpg\"><img loading=\"lazy\" decoding=\"async\" width=\"1024\" height=\"681\" src=\"https:\/\/apartments-ante.com\/wp-content\/uploads\/2021\/12\/excursions00024.jpg\" alt=\"\" data-id=\"1382\" data-full-url=\"https:\/\/apartments-ante.com\/wp-content\/uploads\/2021\/12\/excursions00024.jpg\" data-link=\"https:\/\/apartments-ante.com\/excursions\/excursions00024\/\" class=\"wp-image-1384\" srcset=\"https:\/\/apartments-ante.com\/wp-content\/uploads\/2021\/12\/excursions00024.jpg 1024w, https:\/\/apartments-ante.com\/wp-content\/uploads\/2021\/12\/excursions00024-300x200.jpg 300w, https:\/\/apartments-ante.com\/wp-content\/uploads\/2021\/12\/excursions00024-768x511.jpg 768w\" sizes=\"auto, (max-width: 1024px) 100vw, 1024px\" \/><\/a><\/figure><\/li><\/ul><\/figure>\n\n\n\n<hr class=\"wp-block-separator has-text-color has-background has-vivid-cyan-blue-background-color has-vivid-cyan-blue-color\"\/>\n","protected":false},"excerpt":{"rendered":"<p>OSTROVY &#8211; Lod\u011b vyplouvaj\u00ed z m\u011bstsk\u00e9ho p\u0159\u00edstavu ka\u017ed\u00fd den. \u0160irok\u00fd v\u00fdhled na mal\u00e1 ostrovn\u00ed m\u00edsta, doprov\u00e1zen\u00fd p\u0159\u00edjemn\u00fdmi t\u00f3ny dalmatsk\u00fdch p\u00edsn\u00ed, grilovan\u00fdmi rybami a dom\u00e1c\u00ed vinnou r\u00e9vou, p\u0159ipom\u00ednaj\u00ed cestuj\u00edc\u00edm starod\u00e1vnou pir\u00e1tskou tradici. Na po\u017eadovan\u00e9m m\u00edst\u011b m\u00e1te \u010das na prohl\u00eddku, opalov\u00e1n\u00ed a koup\u00e1n\u00ed. RAFTING A KANYONING NA \u0158ECE CETINA &#8211; Tento v\u00fdlet zahrnuje ka\u017edodenn\u00ed sj\u00ed\u017ed\u011bn\u00ed \u0159eky Cetiny <\/p>\n","protected":false},"author":1,"featured_media":0,"parent":0,"menu_order":0,"comment_status":"closed","ping_status":"closed","template":"","meta":{"_acf_changed":false,"footnotes":""},"categories":[],"tags":[],"page_categories":[],"class_list":["post-1576","page","type-page","status-publish","hentry"],"acf":[],"_links":{"self":[{"href":"https:\/\/apartments-ante.com\/cs\/wp-json\/wp\/v2\/pages\/1576","targetHints":{"allow":["GET"]}}],"collection":[{"href":"https:\/\/apartments-ante.com\/cs\/wp-json\/wp\/v2\/pages"}],"about":[{"href":"https:\/\/apartments-ante.com\/cs\/wp-json\/wp\/v2\/types\/page"}],"author":[{"embeddable":true,"href":"https:\/\/apartments-ante.com\/cs\/wp-json\/wp\/v2\/users\/1"}],"replies":[{"embeddable":true,"href":"https:\/\/apartments-ante.com\/cs\/wp-json\/wp\/v2\/comments?post=1576"}],"version-history":[{"count":1,"href":"https:\/\/apartments-ante.com\/cs\/wp-json\/wp\/v2\/pages\/1576\/revisions"}],"predecessor-version":[{"id":1602,"href":"https:\/\/apartments-ante.com\/cs\/wp-json\/wp\/v2\/pages\/1576\/revisions\/1602"}],"wp:attachment":[{"href":"https:\/\/apartments-ante.com\/cs\/wp-json\/wp\/v2\/media?parent=1576"}],"wp:term":[{"taxonomy":"category","embeddable":true,"href":"https:\/\/apartments-ante.com\/cs\/wp-json\/wp\/v2\/categories?post=1576"},{"taxonomy":"post_tag","embeddable":true,"href":"https:\/\/apartments-ante.com\/cs\/wp-json\/wp\/v2\/tags?post=1576"},{"taxonomy":"page_categories","embeddable":true,"href":"https:\/\/apartments-ante.com\/cs\/wp-json\/wp\/v2\/page_categories?post=1576"}],"curies":[{"name":"wp","href":"https:\/\/api.w.org\/{rel}","templated":true}]}}