{"id":1556,"date":"2021-12-06T09:58:27","date_gmt":"2021-12-06T08:58:27","guid":{"rendered":"https:\/\/apartments-ante.com\/about-omis\/"},"modified":"2021-12-15T13:08:39","modified_gmt":"2021-12-15T12:08:39","slug":"o-omisi","status":"publish","type":"page","link":"https:\/\/apartments-ante.com\/cs\/o-omisi\/","title":{"rendered":"O Omi\u0161i"},"content":{"rendered":"\n<p>Mal\u00e9 dalmatsk\u00e9 m\u011bsto u \u00fast\u00ed \u0159eky Cetiny! Jedine\u010dn\u00e9 spojen\u00ed \u0159eky Cetiny, mo\u0159e a hor je od Splitu vzd\u00e1leno pouh\u00fdch 25 km.<\/p>\n\n\n\n<p>Pokud pat\u0159\u00edte k t\u011bm, kte\u0159\u00ed cht\u011bj\u00ed aktivn\u00ed dovolenou na spr\u00e1vn\u00e9m m\u00edst\u011b, Omi\u0161 nab\u00edz\u00ed nespo\u010det aktivit na mo\u0159i, ve vod\u011b, na hor\u00e1ch nebo ve vzduchu. Pro ty, kte\u0159\u00ed tou\u017e\u00ed po kulturn\u00edch a historick\u00fdch pam\u00e1tk\u00e1ch, m\u00e1me skv\u011blou volbu a m\u016f\u017eete si b\u00fdt jisti, \u017ee v\u00e1\u0161 den bude napln\u011bn. A pokud se chcete dob\u0159e naj\u00edst a nap\u00edt, Omi\u0161 nab\u00edz\u00ed i bohatou gastronomickou nab\u00eddku.<br><br>Nem\u00e1\u0161 za\u010d!<\/p>\n\n\n\n<hr class=\"wp-block-separator has-text-color has-background has-vivid-cyan-blue-background-color has-vivid-cyan-blue-color\"\/>\n\n\n\n<figure class=\"wp-block-gallery columns-3 is-cropped wp-block-gallery-1 is-layout-flex wp-block-gallery-is-layout-flex\"><ul class=\"blocks-gallery-grid\"><li class=\"blocks-gallery-item\"><figure><a href=\"https:\/\/apartments-ante.com\/wp-content\/uploads\/2021\/12\/excursions00024.jpg\"><img loading=\"lazy\" decoding=\"async\" width=\"1024\" height=\"681\" src=\"https:\/\/apartments-ante.com\/wp-content\/uploads\/2021\/12\/excursions00024.jpg\" alt=\"\" data-id=\"1382\" data-full-url=\"https:\/\/apartments-ante.com\/wp-content\/uploads\/2021\/12\/excursions00024.jpg\" data-link=\"https:\/\/apartments-ante.com\/excursions\/excursions00024\/\" class=\"wp-image-1384\" srcset=\"https:\/\/apartments-ante.com\/wp-content\/uploads\/2021\/12\/excursions00024.jpg 1024w, https:\/\/apartments-ante.com\/wp-content\/uploads\/2021\/12\/excursions00024-300x200.jpg 300w, https:\/\/apartments-ante.com\/wp-content\/uploads\/2021\/12\/excursions00024-768x511.jpg 768w\" sizes=\"auto, (max-width: 1024px) 100vw, 1024px\" \/><\/a><\/figure><\/li><li class=\"blocks-gallery-item\"><figure><a href=\"https:\/\/apartments-ante.com\/wp-content\/uploads\/2021\/12\/excursions00022.jpg\"><img loading=\"lazy\" decoding=\"async\" width=\"1024\" height=\"768\" src=\"https:\/\/apartments-ante.com\/wp-content\/uploads\/2021\/12\/excursions00022.jpg\" alt=\"\" data-id=\"1370\" data-full-url=\"https:\/\/apartments-ante.com\/wp-content\/uploads\/2021\/12\/excursions00022.jpg\" data-link=\"https:\/\/apartments-ante.com\/excursions\/digital-camera\/\" class=\"wp-image-1372\" srcset=\"https:\/\/apartments-ante.com\/wp-content\/uploads\/2021\/12\/excursions00022.jpg 1024w, https:\/\/apartments-ante.com\/wp-content\/uploads\/2021\/12\/excursions00022-300x224.jpg 300w, https:\/\/apartments-ante.com\/wp-content\/uploads\/2021\/12\/excursions00022-768x576.jpg 768w\" sizes=\"auto, (max-width: 1024px) 100vw, 1024px\" \/><\/a><\/figure><\/li><li class=\"blocks-gallery-item\"><figure><a href=\"https:\/\/apartments-ante.com\/wp-content\/uploads\/2021\/12\/excursions00017.jpg\"><img loading=\"lazy\" decoding=\"async\" width=\"1024\" height=\"685\" src=\"https:\/\/apartments-ante.com\/wp-content\/uploads\/2021\/12\/excursions00017.jpg\" alt=\"\" data-id=\"1340\" data-full-url=\"https:\/\/apartments-ante.com\/wp-content\/uploads\/2021\/12\/excursions00017.jpg\" data-link=\"https:\/\/apartments-ante.com\/excursions\/excursions00017\/\" class=\"wp-image-1342\" srcset=\"https:\/\/apartments-ante.com\/wp-content\/uploads\/2021\/12\/excursions00017.jpg 1024w, https:\/\/apartments-ante.com\/wp-content\/uploads\/2021\/12\/excursions00017-300x201.jpg 300w, https:\/\/apartments-ante.com\/wp-content\/uploads\/2021\/12\/excursions00017-768x514.jpg 768w\" sizes=\"auto, (max-width: 1024px) 100vw, 1024px\" \/><\/a><\/figure><\/li><li class=\"blocks-gallery-item\"><figure><a href=\"https:\/\/apartments-ante.com\/wp-content\/uploads\/2021\/12\/excursions00018.jpg\"><img loading=\"lazy\" decoding=\"async\" width=\"1024\" height=\"768\" src=\"https:\/\/apartments-ante.com\/wp-content\/uploads\/2021\/12\/excursions00018.jpg\" alt=\"\" data-id=\"1346\" data-full-url=\"https:\/\/apartments-ante.com\/wp-content\/uploads\/2021\/12\/excursions00018.jpg\" data-link=\"https:\/\/apartments-ante.com\/excursions\/excursions00018\/\" class=\"wp-image-1348\" srcset=\"https:\/\/apartments-ante.com\/wp-content\/uploads\/2021\/12\/excursions00018.jpg 1024w, https:\/\/apartments-ante.com\/wp-content\/uploads\/2021\/12\/excursions00018-300x224.jpg 300w, https:\/\/apartments-ante.com\/wp-content\/uploads\/2021\/12\/excursions00018-768x576.jpg 768w\" sizes=\"auto, (max-width: 1024px) 100vw, 1024px\" \/><\/a><\/figure><\/li><li class=\"blocks-gallery-item\"><figure><a href=\"https:\/\/apartments-ante.com\/wp-content\/uploads\/2021\/12\/excursions00004.jpg\"><img loading=\"lazy\" decoding=\"async\" width=\"1024\" height=\"682\" src=\"https:\/\/apartments-ante.com\/wp-content\/uploads\/2021\/12\/excursions00004.jpg\" alt=\"\" data-id=\"1262\" data-full-url=\"https:\/\/apartments-ante.com\/wp-content\/uploads\/2021\/12\/excursions00004.jpg\" data-link=\"https:\/\/apartments-ante.com\/excursions\/excursions00004\/\" class=\"wp-image-1264\" srcset=\"https:\/\/apartments-ante.com\/wp-content\/uploads\/2021\/12\/excursions00004.jpg 1024w, https:\/\/apartments-ante.com\/wp-content\/uploads\/2021\/12\/excursions00004-300x200.jpg 300w, https:\/\/apartments-ante.com\/wp-content\/uploads\/2021\/12\/excursions00004-768x512.jpg 768w\" sizes=\"auto, (max-width: 1024px) 100vw, 1024px\" \/><\/a><\/figure><\/li><li class=\"blocks-gallery-item\"><figure><a href=\"https:\/\/apartments-ante.com\/wp-content\/uploads\/2021\/12\/excursions00006.jpg\"><img loading=\"lazy\" decoding=\"async\" width=\"1024\" height=\"768\" src=\"https:\/\/apartments-ante.com\/wp-content\/uploads\/2021\/12\/excursions00006.jpg\" alt=\"\" data-id=\"1274\" data-full-url=\"https:\/\/apartments-ante.com\/wp-content\/uploads\/2021\/12\/excursions00006.jpg\" data-link=\"https:\/\/apartments-ante.com\/excursions\/olympus-digital-camera\/\" class=\"wp-image-1276\" srcset=\"https:\/\/apartments-ante.com\/wp-content\/uploads\/2021\/12\/excursions00006.jpg 1024w, https:\/\/apartments-ante.com\/wp-content\/uploads\/2021\/12\/excursions00006-300x224.jpg 300w, https:\/\/apartments-ante.com\/wp-content\/uploads\/2021\/12\/excursions00006-768x576.jpg 768w\" sizes=\"auto, (max-width: 1024px) 100vw, 1024px\" \/><\/a><\/figure><\/li><li class=\"blocks-gallery-item\"><figure><a href=\"https:\/\/apartments-ante.com\/wp-content\/uploads\/2021\/12\/excursions00005.jpg\"><img loading=\"lazy\" decoding=\"async\" width=\"1024\" height=\"768\" src=\"https:\/\/apartments-ante.com\/wp-content\/uploads\/2021\/12\/excursions00005.jpg\" alt=\"\" data-id=\"1268\" data-full-url=\"https:\/\/apartments-ante.com\/wp-content\/uploads\/2021\/12\/excursions00005.jpg\" data-link=\"https:\/\/apartments-ante.com\/excursions\/excursions00005\/\" class=\"wp-image-1270\" srcset=\"https:\/\/apartments-ante.com\/wp-content\/uploads\/2021\/12\/excursions00005.jpg 1024w, https:\/\/apartments-ante.com\/wp-content\/uploads\/2021\/12\/excursions00005-300x224.jpg 300w, https:\/\/apartments-ante.com\/wp-content\/uploads\/2021\/12\/excursions00005-768x576.jpg 768w\" sizes=\"auto, (max-width: 1024px) 100vw, 1024px\" \/><\/a><\/figure><\/li><li class=\"blocks-gallery-item\"><figure><a href=\"https:\/\/apartments-ante.com\/wp-content\/uploads\/2021\/12\/app-ante-head.jpg\"><img loading=\"lazy\" decoding=\"async\" width=\"700\" height=\"500\" src=\"https:\/\/apartments-ante.com\/wp-content\/uploads\/2021\/12\/app-ante-head.jpg\" alt=\"\" data-id=\"41\" data-full-url=\"https:\/\/apartments-ante.com\/wp-content\/uploads\/2021\/12\/app-ante-head.jpg\" data-link=\"https:\/\/apartments-ante.com\/welcome\/app-ante-head\/\" class=\"wp-image-43\" srcset=\"https:\/\/apartments-ante.com\/wp-content\/uploads\/2021\/12\/app-ante-head.jpg 700w, https:\/\/apartments-ante.com\/wp-content\/uploads\/2021\/12\/app-ante-head-300x214.jpg 300w\" sizes=\"auto, (max-width: 700px) 100vw, 700px\" \/><\/a><\/figure><\/li><li class=\"blocks-gallery-item\"><figure><a href=\"https:\/\/apartments-ante.com\/wp-content\/uploads\/2021\/12\/about-omis.jpg\"><img loading=\"lazy\" decoding=\"async\" width=\"1024\" height=\"305\" src=\"https:\/\/apartments-ante.com\/wp-content\/uploads\/2021\/12\/about-omis-1024x305.jpg\" alt=\"\" data-id=\"155\" data-full-url=\"https:\/\/apartments-ante.com\/wp-content\/uploads\/2021\/12\/about-omis.jpg\" data-link=\"https:\/\/apartments-ante.com\/a-few-words-about-omis\/about-omis\/\" class=\"wp-image-157\" srcset=\"https:\/\/apartments-ante.com\/wp-content\/uploads\/2021\/12\/about-omis-1024x305.jpg 1024w, https:\/\/apartments-ante.com\/wp-content\/uploads\/2021\/12\/about-omis-300x89.jpg 300w, https:\/\/apartments-ante.com\/wp-content\/uploads\/2021\/12\/about-omis-768x229.jpg 768w, https:\/\/apartments-ante.com\/wp-content\/uploads\/2021\/12\/about-omis-1536x457.jpg 1536w, https:\/\/apartments-ante.com\/wp-content\/uploads\/2021\/12\/about-omis.jpg 1680w\" sizes=\"auto, (max-width: 1024px) 100vw, 1024px\" \/><\/a><\/figure><\/li><li class=\"blocks-gallery-item\"><figure><a href=\"https:\/\/apartments-ante.com\/wp-content\/uploads\/2021\/12\/mountains-1699616-Katarzyna-Tyl-from-Pixabay.jpg\"><img loading=\"lazy\" decoding=\"async\" width=\"1024\" height=\"290\" src=\"https:\/\/apartments-ante.com\/wp-content\/uploads\/2021\/12\/mountains-1699616-Katarzyna-Tyl-from-Pixabay-1024x290.jpg\" alt=\"\" data-id=\"199\" data-full-url=\"https:\/\/apartments-ante.com\/wp-content\/uploads\/2021\/12\/mountains-1699616-Katarzyna-Tyl-from-Pixabay.jpg\" data-link=\"https:\/\/apartments-ante.com\/a-few-words-about-omis\/mountains-1699616-katarzyna-tyl-from-pixabay-2\/\" class=\"wp-image-199\" srcset=\"https:\/\/apartments-ante.com\/wp-content\/uploads\/2021\/12\/mountains-1699616-Katarzyna-Tyl-from-Pixabay-1024x290.jpg 1024w, https:\/\/apartments-ante.com\/wp-content\/uploads\/2021\/12\/mountains-1699616-Katarzyna-Tyl-from-Pixabay-300x85.jpg 300w, https:\/\/apartments-ante.com\/wp-content\/uploads\/2021\/12\/mountains-1699616-Katarzyna-Tyl-from-Pixabay-768x218.jpg 768w, https:\/\/apartments-ante.com\/wp-content\/uploads\/2021\/12\/mountains-1699616-Katarzyna-Tyl-from-Pixabay-1536x436.jpg 1536w, https:\/\/apartments-ante.com\/wp-content\/uploads\/2021\/12\/mountains-1699616-Katarzyna-Tyl-from-Pixabay-2048x581.jpg 2048w\" sizes=\"auto, (max-width: 1024px) 100vw, 1024px\" \/><\/a><\/figure><\/li><\/ul><\/figure>\n\n\n\n<hr class=\"wp-block-separator has-text-color has-background has-vivid-cyan-blue-background-color has-vivid-cyan-blue-color\"\/>\n","protected":false},"excerpt":{"rendered":"<p>Mal\u00e9 dalmatsk\u00e9 m\u011bsto u \u00fast\u00ed \u0159eky Cetiny! Jedine\u010dn\u00e9 spojen\u00ed \u0159eky Cetiny, mo\u0159e a hor je od Splitu vzd\u00e1leno pouh\u00fdch 25 km. Pokud pat\u0159\u00edte k t\u011bm, kte\u0159\u00ed cht\u011bj\u00ed aktivn\u00ed dovolenou na spr\u00e1vn\u00e9m m\u00edst\u011b, Omi\u0161 nab\u00edz\u00ed nespo\u010det aktivit na mo\u0159i, ve vod\u011b, na hor\u00e1ch nebo ve vzduchu. Pro ty, kte\u0159\u00ed tou\u017e\u00ed po kulturn\u00edch a historick\u00fdch pam\u00e1tk\u00e1ch, m\u00e1me <\/p>\n","protected":false},"author":1,"featured_media":0,"parent":0,"menu_order":0,"comment_status":"closed","ping_status":"closed","template":"","meta":{"_acf_changed":false,"footnotes":""},"categories":[],"tags":[],"page_categories":[],"class_list":["post-1556","page","type-page","status-publish","hentry"],"acf":[],"_links":{"self":[{"href":"https:\/\/apartments-ante.com\/cs\/wp-json\/wp\/v2\/pages\/1556","targetHints":{"allow":["GET"]}}],"collection":[{"href":"https:\/\/apartments-ante.com\/cs\/wp-json\/wp\/v2\/pages"}],"about":[{"href":"https:\/\/apartments-ante.com\/cs\/wp-json\/wp\/v2\/types\/page"}],"author":[{"embeddable":true,"href":"https:\/\/apartments-ante.com\/cs\/wp-json\/wp\/v2\/users\/1"}],"replies":[{"embeddable":true,"href":"https:\/\/apartments-ante.com\/cs\/wp-json\/wp\/v2\/comments?post=1556"}],"version-history":[{"count":1,"href":"https:\/\/apartments-ante.com\/cs\/wp-json\/wp\/v2\/pages\/1556\/revisions"}],"predecessor-version":[{"id":1600,"href":"https:\/\/apartments-ante.com\/cs\/wp-json\/wp\/v2\/pages\/1556\/revisions\/1600"}],"wp:attachment":[{"href":"https:\/\/apartments-ante.com\/cs\/wp-json\/wp\/v2\/media?parent=1556"}],"wp:term":[{"taxonomy":"category","embeddable":true,"href":"https:\/\/apartments-ante.com\/cs\/wp-json\/wp\/v2\/categories?post=1556"},{"taxonomy":"post_tag","embeddable":true,"href":"https:\/\/apartments-ante.com\/cs\/wp-json\/wp\/v2\/tags?post=1556"},{"taxonomy":"page_categories","embeddable":true,"href":"https:\/\/apartments-ante.com\/cs\/wp-json\/wp\/v2\/page_categories?post=1556"}],"curies":[{"name":"wp","href":"https:\/\/api.w.org\/{rel}","templated":true}]}}