{"id":1512,"date":"2021-12-06T10:01:50","date_gmt":"2021-12-06T09:01:50","guid":{"rendered":"https:\/\/apartments-ante.com\/contact\/"},"modified":"2023-01-12T19:15:51","modified_gmt":"2023-01-12T18:15:51","slug":"kontakt","status":"publish","type":"page","link":"https:\/\/apartments-ante.com\/cs\/kontakt\/","title":{"rendered":"Kontakt"},"content":{"rendered":"\n<p><strong>V\u00e1\u0161 hostitel: <\/strong><br>Sanda Barisic &amp; Mirjana \u0160kobalj<\/p>\n\n\n\n<p><strong>Adresa:<\/strong><br>Polji\u010dka cesta 25, Du\u0107e Do\u010dine<br>Omi\u0161, 21310<br>Croatia<\/p>\n\n\n\n<p><strong>E-mail: <\/strong>antebara@gmail.com<\/p>\n\n\n\n<p><strong>Telefon:<\/strong> +385 98784158<\/p>\n","protected":false},"excerpt":{"rendered":"<p>V\u00e1\u0161 hostitel: Sanda Barisic &amp; Mirjana \u0160kobalj Adresa:Polji\u010dka cesta 25, Du\u0107e Do\u010dineOmi\u0161, 21310Croatia E-mail: antebara@gmail.com Telefon: +385 98784158<\/p>\n","protected":false},"author":1,"featured_media":0,"parent":0,"menu_order":0,"comment_status":"closed","ping_status":"closed","template":"page-contact.php","meta":{"_acf_changed":false,"footnotes":""},"categories":[],"tags":[],"page_categories":[],"class_list":["post-1512","page","type-page","status-publish","hentry"],"acf":[],"_links":{"self":[{"href":"https:\/\/apartments-ante.com\/cs\/wp-json\/wp\/v2\/pages\/1512","targetHints":{"allow":["GET"]}}],"collection":[{"href":"https:\/\/apartments-ante.com\/cs\/wp-json\/wp\/v2\/pages"}],"about":[{"href":"https:\/\/apartments-ante.com\/cs\/wp-json\/wp\/v2\/types\/page"}],"author":[{"embeddable":true,"href":"https:\/\/apartments-ante.com\/cs\/wp-json\/wp\/v2\/users\/1"}],"replies":[{"embeddable":true,"href":"https:\/\/apartments-ante.com\/cs\/wp-json\/wp\/v2\/comments?post=1512"}],"version-history":[{"count":2,"href":"https:\/\/apartments-ante.com\/cs\/wp-json\/wp\/v2\/pages\/1512\/revisions"}],"predecessor-version":[{"id":2857,"href":"https:\/\/apartments-ante.com\/cs\/wp-json\/wp\/v2\/pages\/1512\/revisions\/2857"}],"wp:attachment":[{"href":"https:\/\/apartments-ante.com\/cs\/wp-json\/wp\/v2\/media?parent=1512"}],"wp:term":[{"taxonomy":"category","embeddable":true,"href":"https:\/\/apartments-ante.com\/cs\/wp-json\/wp\/v2\/categories?post=1512"},{"taxonomy":"post_tag","embeddable":true,"href":"https:\/\/apartments-ante.com\/cs\/wp-json\/wp\/v2\/tags?post=1512"},{"taxonomy":"page_categories","embeddable":true,"href":"https:\/\/apartments-ante.com\/cs\/wp-json\/wp\/v2\/page_categories?post=1512"}],"curies":[{"name":"wp","href":"https:\/\/api.w.org\/{rel}","templated":true}]}}